{"id":11,"date":"2017-11-30T15:45:33","date_gmt":"2017-11-30T15:45:33","guid":{"rendered":"http:\/\/waldsportpark-ebersberg.de\/?page_id=11"},"modified":"2022-05-16T09:11:35","modified_gmt":"2022-05-16T09:11:35","slug":"waldsportstadion","status":"publish","type":"page","link":"https:\/\/waldsportpark-ebersberg.de\/index.php\/sportangebot\/waldsportstadion\/","title":{"rendered":"Waldsportstadion"},"content":{"rendered":"<div id=\"cs-content\" class=\"cs-content\"><\/div>\n","protected":false},"excerpt":{"rendered":"<p>Waldsportstadion EbersbergDas Waldsportstadion ist seit 30 Jahren fester Bestandteil des ebersberger Sports. Das Stadion beinhaltet ein Echtrasen- sowie einen Kunstrasenplatz. Die beiden Pl\u00e4tze werden ausgiebig von den Mannschaften des TSV Ebersberg, FC Ebersberg und JFG Ebrachtal genutzt.\u00a0 Es beinhaltet au\u00dferdem eine Top gepflegte Leichtathletik-Anlage mit einer Rundbahn von 400m L\u00e4nge, sowie Anlagen f\u00fcr die Sportarten\u00a0Hochsprung, Weitsprung, Stabhochsprung, Kugelsto\u00dfen, Hammerwerfen und Diskuswerfen. Hier trainiert der TSV Ebersberg und die Leistungsgemeinschaft LG-90 Ebersberg\/Grafing. Die Trib\u00fcne bietet \u00fcber 150 Sitzpl\u00e4tze f\u00fcr die Zuschauer &#8230; <\/p>\n<div><a href=\"https:\/\/waldsportpark-ebersberg.de\/index.php\/sportangebot\/waldsportstadion\/\" class=\"more-link\">Read More<\/a><\/div>\n","protected":false},"author":2,"featured_media":0,"parent":9,"menu_order":0,"comment_status":"closed","ping_status":"closed","template":"template-blank-4.php","meta":{"footnotes":""},"class_list":["post-11","page","type-page","status-publish","hentry","no-post-thumbnail"],"yoast_head":"<!-- This site is optimized with the Yoast SEO plugin v27.5 - https:\/\/yoast.com\/product\/yoast-seo-wordpress\/ -->\n<title>Waldsportstadion Ebersberg - Fu\u00dfball und Leichtathletik im Waldsportpark Ebersberg<\/title>\n<meta name=\"description\" content=\"Das Waldsportstadion beinhaltet ein Echtrasen- sowie einen Kunstrasenplatz.Es beinhaltet au\u00dferdem eine Top gepflegte Leichtathletik-Anlage mit einer Rundbahn von 400m L\u00e4nge, sowie Anlagen f\u00fcr die Sportarten Hochsprung, Weitsprung, Stabhochsprung, Kugelsto\u00dfen, Hammerwerfen und Diskuswerfen.\" \/>\n<meta name=\"robots\" content=\"index, follow, max-snippet:-1, max-image-preview:large, max-video-preview:-1\" \/>\n<link rel=\"canonical\" href=\"https:\/\/waldsportpark-ebersberg.de\/index.php\/sportangebot\/waldsportstadion\/\" \/>\n<meta property=\"og:locale\" content=\"de_DE\" \/>\n<meta property=\"og:type\" content=\"article\" \/>\n<meta property=\"og:title\" content=\"Waldsportstadion Ebersberg - Fu\u00dfball und Leichtathletik im Waldsportpark Ebersberg\" \/>\n<meta property=\"og:description\" content=\"Das Waldsportstadion beinhaltet ein Echtrasen- sowie einen Kunstrasenplatz.Es beinhaltet au\u00dferdem eine Top gepflegte Leichtathletik-Anlage mit einer Rundbahn von 400m L\u00e4nge, sowie Anlagen f\u00fcr die Sportarten Hochsprung, Weitsprung, Stabhochsprung, Kugelsto\u00dfen, Hammerwerfen und Diskuswerfen.\" \/>\n<meta property=\"og:url\" content=\"https:\/\/waldsportpark-ebersberg.de\/index.php\/sportangebot\/waldsportstadion\/\" \/>\n<meta property=\"og:site_name\" content=\"F\u00f6rderverein Waldsportpark Ebersberg e.V.\" \/>\n<meta property=\"article:modified_time\" content=\"2022-05-16T09:11:35+00:00\" \/>\n<meta name=\"twitter:card\" content=\"summary_large_image\" \/>\n<meta name=\"twitter:label1\" content=\"Gesch\u00e4tzte Lesezeit\" \/>\n\t<meta name=\"twitter:data1\" content=\"2\u00a0Minuten\" \/>\n<script type=\"application\/ld+json\" class=\"yoast-schema-graph\">{\"@context\":\"https:\\\/\\\/schema.org\",\"@graph\":[{\"@type\":\"WebPage\",\"@id\":\"https:\\\/\\\/waldsportpark-ebersberg.de\\\/index.php\\\/sportangebot\\\/waldsportstadion\\\/\",\"url\":\"https:\\\/\\\/waldsportpark-ebersberg.de\\\/index.php\\\/sportangebot\\\/waldsportstadion\\\/\",\"name\":\"Waldsportstadion Ebersberg - Fu\u00dfball und Leichtathletik im Waldsportpark Ebersberg\",\"isPartOf\":{\"@id\":\"https:\\\/\\\/waldsportpark-ebersberg.de\\\/#website\"},\"datePublished\":\"2017-11-30T15:45:33+00:00\",\"dateModified\":\"2022-05-16T09:11:35+00:00\",\"description\":\"Das Waldsportstadion beinhaltet ein Echtrasen- sowie einen Kunstrasenplatz.Es beinhaltet au\u00dferdem eine Top gepflegte Leichtathletik-Anlage mit einer Rundbahn von 400m L\u00e4nge, sowie Anlagen f\u00fcr die Sportarten Hochsprung, Weitsprung, Stabhochsprung, Kugelsto\u00dfen, Hammerwerfen und Diskuswerfen.\",\"breadcrumb\":{\"@id\":\"https:\\\/\\\/waldsportpark-ebersberg.de\\\/index.php\\\/sportangebot\\\/waldsportstadion\\\/#breadcrumb\"},\"inLanguage\":\"de\",\"potentialAction\":[{\"@type\":\"ReadAction\",\"target\":[\"https:\\\/\\\/waldsportpark-ebersberg.de\\\/index.php\\\/sportangebot\\\/waldsportstadion\\\/\"]}]},{\"@type\":\"BreadcrumbList\",\"@id\":\"https:\\\/\\\/waldsportpark-ebersberg.de\\\/index.php\\\/sportangebot\\\/waldsportstadion\\\/#breadcrumb\",\"itemListElement\":[{\"@type\":\"ListItem\",\"position\":1,\"name\":\"Startseite\",\"item\":\"https:\\\/\\\/waldsportpark-ebersberg.de\\\/\"},{\"@type\":\"ListItem\",\"position\":2,\"name\":\"Sportanlagen\",\"item\":\"https:\\\/\\\/waldsportpark-ebersberg.de\\\/index.php\\\/sportangebot\\\/\"},{\"@type\":\"ListItem\",\"position\":3,\"name\":\"Waldsportstadion\"}]},{\"@type\":\"WebSite\",\"@id\":\"https:\\\/\\\/waldsportpark-ebersberg.de\\\/#website\",\"url\":\"https:\\\/\\\/waldsportpark-ebersberg.de\\\/\",\"name\":\"F\u00f6rderverein Waldsportpark Ebersberg e.V.\",\"description\":\"Eine Website des F\u00f6rderverein Waldsportpark Ebersberg e.V.\",\"potentialAction\":[{\"@type\":\"SearchAction\",\"target\":{\"@type\":\"EntryPoint\",\"urlTemplate\":\"https:\\\/\\\/waldsportpark-ebersberg.de\\\/?s={search_term_string}\"},\"query-input\":{\"@type\":\"PropertyValueSpecification\",\"valueRequired\":true,\"valueName\":\"search_term_string\"}}],\"inLanguage\":\"de\"}]}<\/script>\n<!-- \/ Yoast SEO plugin. -->","yoast_head_json":{"title":"Waldsportstadion Ebersberg - Fu\u00dfball und Leichtathletik im Waldsportpark Ebersberg","description":"Das Waldsportstadion beinhaltet ein Echtrasen- sowie einen Kunstrasenplatz.Es beinhaltet au\u00dferdem eine Top gepflegte Leichtathletik-Anlage mit einer Rundbahn von 400m L\u00e4nge, sowie Anlagen f\u00fcr die Sportarten Hochsprung, Weitsprung, Stabhochsprung, Kugelsto\u00dfen, Hammerwerfen und Diskuswerfen.","robots":{"index":"index","follow":"follow","max-snippet":"max-snippet:-1","max-image-preview":"max-image-preview:large","max-video-preview":"max-video-preview:-1"},"canonical":"https:\/\/waldsportpark-ebersberg.de\/index.php\/sportangebot\/waldsportstadion\/","og_locale":"de_DE","og_type":"article","og_title":"Waldsportstadion Ebersberg - Fu\u00dfball und Leichtathletik im Waldsportpark Ebersberg","og_description":"Das Waldsportstadion beinhaltet ein Echtrasen- sowie einen Kunstrasenplatz.Es beinhaltet au\u00dferdem eine Top gepflegte Leichtathletik-Anlage mit einer Rundbahn von 400m L\u00e4nge, sowie Anlagen f\u00fcr die Sportarten Hochsprung, Weitsprung, Stabhochsprung, Kugelsto\u00dfen, Hammerwerfen und Diskuswerfen.","og_url":"https:\/\/waldsportpark-ebersberg.de\/index.php\/sportangebot\/waldsportstadion\/","og_site_name":"F\u00f6rderverein Waldsportpark Ebersberg e.V.","article_modified_time":"2022-05-16T09:11:35+00:00","twitter_card":"summary_large_image","twitter_misc":{"Gesch\u00e4tzte Lesezeit":"2\u00a0Minuten"},"schema":{"@context":"https:\/\/schema.org","@graph":[{"@type":"WebPage","@id":"https:\/\/waldsportpark-ebersberg.de\/index.php\/sportangebot\/waldsportstadion\/","url":"https:\/\/waldsportpark-ebersberg.de\/index.php\/sportangebot\/waldsportstadion\/","name":"Waldsportstadion Ebersberg - Fu\u00dfball und Leichtathletik im Waldsportpark Ebersberg","isPartOf":{"@id":"https:\/\/waldsportpark-ebersberg.de\/#website"},"datePublished":"2017-11-30T15:45:33+00:00","dateModified":"2022-05-16T09:11:35+00:00","description":"Das Waldsportstadion beinhaltet ein Echtrasen- sowie einen Kunstrasenplatz.Es beinhaltet au\u00dferdem eine Top gepflegte Leichtathletik-Anlage mit einer Rundbahn von 400m L\u00e4nge, sowie Anlagen f\u00fcr die Sportarten Hochsprung, Weitsprung, Stabhochsprung, Kugelsto\u00dfen, Hammerwerfen und Diskuswerfen.","breadcrumb":{"@id":"https:\/\/waldsportpark-ebersberg.de\/index.php\/sportangebot\/waldsportstadion\/#breadcrumb"},"inLanguage":"de","potentialAction":[{"@type":"ReadAction","target":["https:\/\/waldsportpark-ebersberg.de\/index.php\/sportangebot\/waldsportstadion\/"]}]},{"@type":"BreadcrumbList","@id":"https:\/\/waldsportpark-ebersberg.de\/index.php\/sportangebot\/waldsportstadion\/#breadcrumb","itemListElement":[{"@type":"ListItem","position":1,"name":"Startseite","item":"https:\/\/waldsportpark-ebersberg.de\/"},{"@type":"ListItem","position":2,"name":"Sportanlagen","item":"https:\/\/waldsportpark-ebersberg.de\/index.php\/sportangebot\/"},{"@type":"ListItem","position":3,"name":"Waldsportstadion"}]},{"@type":"WebSite","@id":"https:\/\/waldsportpark-ebersberg.de\/#website","url":"https:\/\/waldsportpark-ebersberg.de\/","name":"F\u00f6rderverein Waldsportpark Ebersberg e.V.","description":"Eine Website des F\u00f6rderverein Waldsportpark Ebersberg e.V.","potentialAction":[{"@type":"SearchAction","target":{"@type":"EntryPoint","urlTemplate":"https:\/\/waldsportpark-ebersberg.de\/?s={search_term_string}"},"query-input":{"@type":"PropertyValueSpecification","valueRequired":true,"valueName":"search_term_string"}}],"inLanguage":"de"}]}},"_links":{"self":[{"href":"https:\/\/waldsportpark-ebersberg.de\/index.php\/wp-json\/wp\/v2\/pages\/11","targetHints":{"allow":["GET"]}}],"collection":[{"href":"https:\/\/waldsportpark-ebersberg.de\/index.php\/wp-json\/wp\/v2\/pages"}],"about":[{"href":"https:\/\/waldsportpark-ebersberg.de\/index.php\/wp-json\/wp\/v2\/types\/page"}],"author":[{"embeddable":true,"href":"https:\/\/waldsportpark-ebersberg.de\/index.php\/wp-json\/wp\/v2\/users\/2"}],"replies":[{"embeddable":true,"href":"https:\/\/waldsportpark-ebersberg.de\/index.php\/wp-json\/wp\/v2\/comments?post=11"}],"version-history":[{"count":25,"href":"https:\/\/waldsportpark-ebersberg.de\/index.php\/wp-json\/wp\/v2\/pages\/11\/revisions"}],"predecessor-version":[{"id":597,"href":"https:\/\/waldsportpark-ebersberg.de\/index.php\/wp-json\/wp\/v2\/pages\/11\/revisions\/597"}],"up":[{"embeddable":true,"href":"https:\/\/waldsportpark-ebersberg.de\/index.php\/wp-json\/wp\/v2\/pages\/9"}],"wp:attachment":[{"href":"https:\/\/waldsportpark-ebersberg.de\/index.php\/wp-json\/wp\/v2\/media?parent=11"}],"curies":[{"name":"wp","href":"https:\/\/api.w.org\/{rel}","templated":true}]}}