{"id":17,"date":"2017-11-30T15:45:28","date_gmt":"2017-11-30T15:45:28","guid":{"rendered":"http:\/\/waldsportpark-ebersberg.de\/?page_id=17"},"modified":"2022-05-16T09:13:27","modified_gmt":"2022-05-16T09:13:27","slug":"stockschiessen","status":"publish","type":"page","link":"https:\/\/waldsportpark-ebersberg.de\/index.php\/sportangebot\/stockschiessen\/","title":{"rendered":"Stockschie\u00dfen"},"content":{"rendered":"<div id=\"cs-content\" class=\"cs-content\"><\/div>\n","protected":false},"excerpt":{"rendered":"<p>Stockschie\u00dfenDie Stocksch\u00fctzen-Anlage verf\u00fcgt \u00fcber 12 Asphaltbahnen. Sowohl die Stocksch\u00fctzenabteilung des TSV Ebersberg als auch der ESC Ebersberg e.V. spielen auf den zahlreichen Bahnen. Hier gehts zum TSV Ebersberg (Stocksch\u00fctzen)Hier gehts zum ESC Ebersberg e.V.Fotogalerie Stockschie\u00dfen Ebersberg<\/p>\n","protected":false},"author":2,"featured_media":0,"parent":9,"menu_order":0,"comment_status":"closed","ping_status":"closed","template":"template-blank-4.php","meta":{"footnotes":""},"class_list":["post-17","page","type-page","status-publish","hentry","no-post-thumbnail"],"yoast_head":"<!-- This site is optimized with the Yoast SEO plugin v27.4 - https:\/\/yoast.com\/product\/yoast-seo-wordpress\/ -->\n<title>Stockschie\u00dfen - Waldsportpark Ebersberg<\/title>\n<meta name=\"description\" content=\"Die Stocksch\u00fctzen-Anlage im Waldsportpark Ebersberg verf\u00fcgt \u00fcber 12 Asphaltbahnen. Sowohl die Stocksch\u00fctzenabteilung des TSV Ebersberg als auch der ESC Ebersberg e.V. spielen auf den zahlreichen Bahnen.\" \/>\n<meta name=\"robots\" content=\"index, follow, max-snippet:-1, max-image-preview:large, max-video-preview:-1\" \/>\n<link rel=\"canonical\" href=\"https:\/\/waldsportpark-ebersberg.de\/index.php\/sportangebot\/stockschiessen\/\" \/>\n<meta property=\"og:locale\" content=\"de_DE\" \/>\n<meta property=\"og:type\" content=\"article\" \/>\n<meta property=\"og:title\" content=\"Stockschie\u00dfen - Waldsportpark Ebersberg\" \/>\n<meta property=\"og:description\" content=\"Die Stocksch\u00fctzen-Anlage im Waldsportpark Ebersberg verf\u00fcgt \u00fcber 12 Asphaltbahnen. Sowohl die Stocksch\u00fctzenabteilung des TSV Ebersberg als auch der ESC Ebersberg e.V. spielen auf den zahlreichen Bahnen.\" \/>\n<meta property=\"og:url\" content=\"https:\/\/waldsportpark-ebersberg.de\/index.php\/sportangebot\/stockschiessen\/\" \/>\n<meta property=\"og:site_name\" content=\"F\u00f6rderverein Waldsportpark Ebersberg e.V.\" \/>\n<meta property=\"article:modified_time\" content=\"2022-05-16T09:13:27+00:00\" \/>\n<meta name=\"twitter:card\" content=\"summary_large_image\" \/>\n<meta name=\"twitter:label1\" content=\"Gesch\u00e4tzte Lesezeit\" \/>\n\t<meta name=\"twitter:data1\" content=\"1\u00a0Minute\" \/>\n<script type=\"application\/ld+json\" class=\"yoast-schema-graph\">{\"@context\":\"https:\\\/\\\/schema.org\",\"@graph\":[{\"@type\":\"WebPage\",\"@id\":\"https:\\\/\\\/waldsportpark-ebersberg.de\\\/index.php\\\/sportangebot\\\/stockschiessen\\\/\",\"url\":\"https:\\\/\\\/waldsportpark-ebersberg.de\\\/index.php\\\/sportangebot\\\/stockschiessen\\\/\",\"name\":\"Stockschie\u00dfen - Waldsportpark Ebersberg\",\"isPartOf\":{\"@id\":\"https:\\\/\\\/waldsportpark-ebersberg.de\\\/#website\"},\"datePublished\":\"2017-11-30T15:45:28+00:00\",\"dateModified\":\"2022-05-16T09:13:27+00:00\",\"description\":\"Die Stocksch\u00fctzen-Anlage im Waldsportpark Ebersberg verf\u00fcgt \u00fcber 12 Asphaltbahnen. Sowohl die Stocksch\u00fctzenabteilung des TSV Ebersberg als auch der ESC Ebersberg e.V. spielen auf den zahlreichen Bahnen.\",\"breadcrumb\":{\"@id\":\"https:\\\/\\\/waldsportpark-ebersberg.de\\\/index.php\\\/sportangebot\\\/stockschiessen\\\/#breadcrumb\"},\"inLanguage\":\"de\",\"potentialAction\":[{\"@type\":\"ReadAction\",\"target\":[\"https:\\\/\\\/waldsportpark-ebersberg.de\\\/index.php\\\/sportangebot\\\/stockschiessen\\\/\"]}]},{\"@type\":\"BreadcrumbList\",\"@id\":\"https:\\\/\\\/waldsportpark-ebersberg.de\\\/index.php\\\/sportangebot\\\/stockschiessen\\\/#breadcrumb\",\"itemListElement\":[{\"@type\":\"ListItem\",\"position\":1,\"name\":\"Startseite\",\"item\":\"https:\\\/\\\/waldsportpark-ebersberg.de\\\/\"},{\"@type\":\"ListItem\",\"position\":2,\"name\":\"Sportanlagen\",\"item\":\"https:\\\/\\\/waldsportpark-ebersberg.de\\\/index.php\\\/sportangebot\\\/\"},{\"@type\":\"ListItem\",\"position\":3,\"name\":\"Stockschie\u00dfen\"}]},{\"@type\":\"WebSite\",\"@id\":\"https:\\\/\\\/waldsportpark-ebersberg.de\\\/#website\",\"url\":\"https:\\\/\\\/waldsportpark-ebersberg.de\\\/\",\"name\":\"F\u00f6rderverein Waldsportpark Ebersberg e.V.\",\"description\":\"Eine Website des F\u00f6rderverein Waldsportpark Ebersberg e.V.\",\"potentialAction\":[{\"@type\":\"SearchAction\",\"target\":{\"@type\":\"EntryPoint\",\"urlTemplate\":\"https:\\\/\\\/waldsportpark-ebersberg.de\\\/?s={search_term_string}\"},\"query-input\":{\"@type\":\"PropertyValueSpecification\",\"valueRequired\":true,\"valueName\":\"search_term_string\"}}],\"inLanguage\":\"de\"}]}<\/script>\n<!-- \/ Yoast SEO plugin. -->","yoast_head_json":{"title":"Stockschie\u00dfen - Waldsportpark Ebersberg","description":"Die Stocksch\u00fctzen-Anlage im Waldsportpark Ebersberg verf\u00fcgt \u00fcber 12 Asphaltbahnen. Sowohl die Stocksch\u00fctzenabteilung des TSV Ebersberg als auch der ESC Ebersberg e.V. spielen auf den zahlreichen Bahnen.","robots":{"index":"index","follow":"follow","max-snippet":"max-snippet:-1","max-image-preview":"max-image-preview:large","max-video-preview":"max-video-preview:-1"},"canonical":"https:\/\/waldsportpark-ebersberg.de\/index.php\/sportangebot\/stockschiessen\/","og_locale":"de_DE","og_type":"article","og_title":"Stockschie\u00dfen - Waldsportpark Ebersberg","og_description":"Die Stocksch\u00fctzen-Anlage im Waldsportpark Ebersberg verf\u00fcgt \u00fcber 12 Asphaltbahnen. Sowohl die Stocksch\u00fctzenabteilung des TSV Ebersberg als auch der ESC Ebersberg e.V. spielen auf den zahlreichen Bahnen.","og_url":"https:\/\/waldsportpark-ebersberg.de\/index.php\/sportangebot\/stockschiessen\/","og_site_name":"F\u00f6rderverein Waldsportpark Ebersberg e.V.","article_modified_time":"2022-05-16T09:13:27+00:00","twitter_card":"summary_large_image","twitter_misc":{"Gesch\u00e4tzte Lesezeit":"1\u00a0Minute"},"schema":{"@context":"https:\/\/schema.org","@graph":[{"@type":"WebPage","@id":"https:\/\/waldsportpark-ebersberg.de\/index.php\/sportangebot\/stockschiessen\/","url":"https:\/\/waldsportpark-ebersberg.de\/index.php\/sportangebot\/stockschiessen\/","name":"Stockschie\u00dfen - Waldsportpark Ebersberg","isPartOf":{"@id":"https:\/\/waldsportpark-ebersberg.de\/#website"},"datePublished":"2017-11-30T15:45:28+00:00","dateModified":"2022-05-16T09:13:27+00:00","description":"Die Stocksch\u00fctzen-Anlage im Waldsportpark Ebersberg verf\u00fcgt \u00fcber 12 Asphaltbahnen. Sowohl die Stocksch\u00fctzenabteilung des TSV Ebersberg als auch der ESC Ebersberg e.V. spielen auf den zahlreichen Bahnen.","breadcrumb":{"@id":"https:\/\/waldsportpark-ebersberg.de\/index.php\/sportangebot\/stockschiessen\/#breadcrumb"},"inLanguage":"de","potentialAction":[{"@type":"ReadAction","target":["https:\/\/waldsportpark-ebersberg.de\/index.php\/sportangebot\/stockschiessen\/"]}]},{"@type":"BreadcrumbList","@id":"https:\/\/waldsportpark-ebersberg.de\/index.php\/sportangebot\/stockschiessen\/#breadcrumb","itemListElement":[{"@type":"ListItem","position":1,"name":"Startseite","item":"https:\/\/waldsportpark-ebersberg.de\/"},{"@type":"ListItem","position":2,"name":"Sportanlagen","item":"https:\/\/waldsportpark-ebersberg.de\/index.php\/sportangebot\/"},{"@type":"ListItem","position":3,"name":"Stockschie\u00dfen"}]},{"@type":"WebSite","@id":"https:\/\/waldsportpark-ebersberg.de\/#website","url":"https:\/\/waldsportpark-ebersberg.de\/","name":"F\u00f6rderverein Waldsportpark Ebersberg e.V.","description":"Eine Website des F\u00f6rderverein Waldsportpark Ebersberg e.V.","potentialAction":[{"@type":"SearchAction","target":{"@type":"EntryPoint","urlTemplate":"https:\/\/waldsportpark-ebersberg.de\/?s={search_term_string}"},"query-input":{"@type":"PropertyValueSpecification","valueRequired":true,"valueName":"search_term_string"}}],"inLanguage":"de"}]}},"_links":{"self":[{"href":"https:\/\/waldsportpark-ebersberg.de\/index.php\/wp-json\/wp\/v2\/pages\/17","targetHints":{"allow":["GET"]}}],"collection":[{"href":"https:\/\/waldsportpark-ebersberg.de\/index.php\/wp-json\/wp\/v2\/pages"}],"about":[{"href":"https:\/\/waldsportpark-ebersberg.de\/index.php\/wp-json\/wp\/v2\/types\/page"}],"author":[{"embeddable":true,"href":"https:\/\/waldsportpark-ebersberg.de\/index.php\/wp-json\/wp\/v2\/users\/2"}],"replies":[{"embeddable":true,"href":"https:\/\/waldsportpark-ebersberg.de\/index.php\/wp-json\/wp\/v2\/comments?post=17"}],"version-history":[{"count":13,"href":"https:\/\/waldsportpark-ebersberg.de\/index.php\/wp-json\/wp\/v2\/pages\/17\/revisions"}],"predecessor-version":[{"id":599,"href":"https:\/\/waldsportpark-ebersberg.de\/index.php\/wp-json\/wp\/v2\/pages\/17\/revisions\/599"}],"up":[{"embeddable":true,"href":"https:\/\/waldsportpark-ebersberg.de\/index.php\/wp-json\/wp\/v2\/pages\/9"}],"wp:attachment":[{"href":"https:\/\/waldsportpark-ebersberg.de\/index.php\/wp-json\/wp\/v2\/media?parent=17"}],"curies":[{"name":"wp","href":"https:\/\/api.w.org\/{rel}","templated":true}]}}