{"id":21,"date":"2017-11-30T15:44:51","date_gmt":"2017-11-30T15:44:51","guid":{"rendered":"http:\/\/waldsportpark-ebersberg.de\/?page_id=21"},"modified":"2025-11-11T09:25:00","modified_gmt":"2025-11-11T09:25:00","slug":"mitglied-werden","status":"publish","type":"page","link":"https:\/\/waldsportpark-ebersberg.de\/index.php\/mitglied-werden\/","title":{"rendered":"Mitglied werden"},"content":{"rendered":"<div id=\"cs-content\" class=\"cs-content\"><div class=\"x-section e21-e1 ml-0 ml-1 ml-2\"><div class=\"x-container max width e21-e2 ml-6\"><div class=\"x-column x-sm x-1-1 e21-e3 ml-8\"><h2  class=\"h-custom-headline h3\" style=\"color: hsl(0, 7%, 29%);\"><span>Der F\u00f6rderverein Waldsportpark Ebersberg e.V. finanziert und f\u00f6rdert die Sportanlagen des Waldsportparks<\/span><\/h2><div id=\"\" class=\"x-text\" style=\"\" ><p><span style=\"color: #504646;\">\u00dcber 200 Mitglieder beteiligen sich bereits durch ihre Mitgliedschaft am Erhalt der Sportanlagen des Waldsportparks Ebersberg. Wir m\u00f6chten Kindern, Jugendlichen und Erwachsenen den Zugang zu einem breiten Sportangebot erm\u00f6glichen. Eine organisierte Vereinsstruktur und gut gepflegte Sportanlagen sind daf\u00fcr besonders wichtig. Um die Finanzierung und Pflege der Sportanlagen k\u00fcmmert sich der F\u00f6rderverein Waldsportpark Ebersberg e.V..<\/span><\/p>\n<\/div><\/div><\/div><\/div><div class=\"x-section e21-e6 ml-0 ml-3 ml-4\"><div class=\"x-container max width e21-e7 ml-6\"><div class=\"x-column x-sm x-1-1 e21-e8 ml-8\"><hr  class=\"x-gap\" style=\"margin: 1px 0 0 0;\"><\/div><\/div><\/div><div class=\"x-section e21-e10 ml-0 ml-2 ml-4 ml-5\"><div class=\"x-container max width e21-e11 ml-6\"><div class=\"x-column x-sm x-1-1 e21-e12 ml-8\"><h2  class=\"h-custom-headline h3\" style=\"color: hsl(0, 7%, 29%);\"><span>Werden Sie Vereinsmitglied f\u00fcr nur 1 Euro im Monat und f\u00f6rdern Sie die Sportkultur in Ebersberg<\/span><\/h2><div id=\"\" class=\"x-text\" style=\"\" ><p><span style=\"color: #504646;\">Werden Sie Vereinsmitglied und unterst\u00fctzen Sie den Verein dabei den Sportpark in einem guten Zustand zu erhalten. F\u00fcr nur 1 Euro im Monat k\u00f6nnen Sie sich am Erhalt der Sportanlagen beteiligen. Werden Sie jetzt Mitglied und f\u00f6rdern Sie die Sportkultur in Ebersberg.\u00a0<\/span><\/p>\n<\/div><\/div><\/div><div class=\"x-container max width e21-e15 ml-6 ml-7\"><div class=\"x-column x-sm x-1-2 e21-e16 ml-8 ml-9\"><div class=\"x-text x-content e21-e17 ml-a downloadbbutton\"><p style=\"text-align: center;\"><span style=\"color: #ffffff;\"><a href=\"https:\/\/waldsportpark-ebersberg.de\/wp-content\/uploads\/2025\/11\/Waldsportpark_Ebersberg_Beitrittserklaerung_Interaktiv_WEB_11112025.pdf\" download=\"\" style=\"color: #ffffff;\"> Beitrittserkl\u00e4rung zur Mitgliedschaft herunterladen <\/a><\/span><\/p><\/div><a class=\"x-anchor x-anchor-button x-hide-lg x-hide-md x-hide-sm x-hide-xl x-hide-xs e21-e18 ml-b\" tabindex=\"0\" href=\"download:https:\/\/waldsportpark-ebersberg.de\/wp-content\/uploads\/2025\/11\/Waldsportpark_Ebersberg_Beitrittserklaerung_Final_Interaktiv_WEB_112025.pdf\" target=\"_blank\" rel=\"noopener noreferrer\"><div class=\"x-anchor-content\"><div class=\"x-anchor-text\"><span class=\"x-anchor-text-primary\">Beitrittserkl\u00e4rung zur Mitgliedschaft downloaden<\/span><\/div><\/div><\/a><\/div><div class=\"x-column x-sm x-1-2 e21-e19 ml-8\"><div class=\"x-text x-content e21-e20 ml-a downloadbbutton\"><p style=\"text-align: center;\"><span style=\"color: #ffffff;\"><a href=\"https:\/\/waldsportpark-ebersberg.de\/wp-content\/uploads\/2025\/10\/Aenderungen_Mitgliedsdaten_102025.pdf\" download=\"\" style=\"color: #ffffff;\"> Dokument zur \u00c4nderung der Mitgliedsdaten herunterladen <\/a><\/span><\/p><\/div><a class=\"x-anchor x-anchor-button x-hide-lg x-hide-md x-hide-sm x-hide-xl x-hide-xs e21-e21 ml-b\" tabindex=\"0\" href=\"https:\/\/waldsportpark-ebersberg.de\/wp-content\/uploads\/2025\/10\/Aenderungen_Mitgliedsdaten_102025.pdf\" target=\"_blank\" rel=\"noopener noreferrer\"><div class=\"x-anchor-content\"><div class=\"x-anchor-text\"><span class=\"x-anchor-text-primary\">Dokument zur \u00c4nderung der Mitgliedsdaten Downloaden<\/span><\/div><\/div><\/a><\/div><\/div><\/div><\/div>\n","protected":false},"excerpt":{"rendered":"<p>Der F\u00f6rderverein Waldsportpark Ebersberg e.V. finanziert und f\u00f6rdert die Sportanlagen des Waldsportparks\u00dcber 200 Mitglieder beteiligen sich bereits durch ihre Mitgliedschaft am Erhalt der Sportanlagen des Waldsportparks Ebersberg. Wir m\u00f6chten Kindern, Jugendlichen und Erwachsenen den Zugang zu einem breiten Sportangebot erm\u00f6glichen. Eine organisierte Vereinsstruktur und gut gepflegte Sportanlagen sind daf\u00fcr besonders wichtig. Um die Finanzierung und Pflege der Sportanlagen k\u00fcmmert sich der F\u00f6rderverein Waldsportpark Ebersberg e.V.. Werden Sie Vereinsmitglied f\u00fcr nur 1 Euro im Monat und f\u00f6rdern Sie die Sportkultur in &#8230; <\/p>\n<div><a href=\"https:\/\/waldsportpark-ebersberg.de\/index.php\/mitglied-werden\/\" class=\"more-link\">Read More<\/a><\/div>\n","protected":false},"author":2,"featured_media":0,"parent":0,"menu_order":0,"comment_status":"closed","ping_status":"closed","template":"template-blank-4.php","meta":{"footnotes":""},"class_list":["post-21","page","type-page","status-publish","hentry","no-post-thumbnail"],"yoast_head":"<!-- This site is optimized with the Yoast SEO plugin v27.5 - https:\/\/yoast.com\/product\/yoast-seo-wordpress\/ -->\n<title>F\u00f6rderverein Waldsportpark Ebersberg e.V. - Mitglied werden<\/title>\n<meta name=\"description\" content=\"Werden Sie Vereinsmitglied und unterst\u00fctzen Sie den Verein dabei den Sportpark in einem guten Zustand zu erhalten. F\u00fcr nur 1 Euro im Monat k\u00f6nnen Sie sich am Erhalt der Sportanlagen beteiligen. Werden Sie jetzt Mitglied und f\u00f6rdern Sie die Sportkultur in Ebersberg.\" \/>\n<meta name=\"robots\" content=\"index, follow, max-snippet:-1, max-image-preview:large, max-video-preview:-1\" \/>\n<link rel=\"canonical\" href=\"https:\/\/waldsportpark-ebersberg.de\/index.php\/mitglied-werden\/\" \/>\n<meta property=\"og:locale\" content=\"de_DE\" \/>\n<meta property=\"og:type\" content=\"article\" \/>\n<meta property=\"og:title\" content=\"F\u00f6rderverein Waldsportpark Ebersberg e.V. - Mitglied werden\" \/>\n<meta property=\"og:description\" content=\"Werden Sie Vereinsmitglied und unterst\u00fctzen Sie den Verein dabei den Sportpark in einem guten Zustand zu erhalten. F\u00fcr nur 1 Euro im Monat k\u00f6nnen Sie sich am Erhalt der Sportanlagen beteiligen. Werden Sie jetzt Mitglied und f\u00f6rdern Sie die Sportkultur in Ebersberg.\" \/>\n<meta property=\"og:url\" content=\"https:\/\/waldsportpark-ebersberg.de\/index.php\/mitglied-werden\/\" \/>\n<meta property=\"og:site_name\" content=\"F\u00f6rderverein Waldsportpark Ebersberg e.V.\" \/>\n<meta property=\"article:modified_time\" content=\"2025-11-11T09:25:00+00:00\" \/>\n<meta name=\"twitter:card\" content=\"summary_large_image\" \/>\n<meta name=\"twitter:label1\" content=\"Gesch\u00e4tzte Lesezeit\" \/>\n\t<meta name=\"twitter:data1\" content=\"2\u00a0Minuten\" \/>\n<script type=\"application\/ld+json\" class=\"yoast-schema-graph\">{\"@context\":\"https:\\\/\\\/schema.org\",\"@graph\":[{\"@type\":\"WebPage\",\"@id\":\"https:\\\/\\\/waldsportpark-ebersberg.de\\\/index.php\\\/mitglied-werden\\\/\",\"url\":\"https:\\\/\\\/waldsportpark-ebersberg.de\\\/index.php\\\/mitglied-werden\\\/\",\"name\":\"F\u00f6rderverein Waldsportpark Ebersberg e.V. - Mitglied werden\",\"isPartOf\":{\"@id\":\"https:\\\/\\\/waldsportpark-ebersberg.de\\\/#website\"},\"datePublished\":\"2017-11-30T15:44:51+00:00\",\"dateModified\":\"2025-11-11T09:25:00+00:00\",\"description\":\"Werden Sie Vereinsmitglied und unterst\u00fctzen Sie den Verein dabei den Sportpark in einem guten Zustand zu erhalten. F\u00fcr nur 1 Euro im Monat k\u00f6nnen Sie sich am Erhalt der Sportanlagen beteiligen. Werden Sie jetzt Mitglied und f\u00f6rdern Sie die Sportkultur in Ebersberg.\",\"breadcrumb\":{\"@id\":\"https:\\\/\\\/waldsportpark-ebersberg.de\\\/index.php\\\/mitglied-werden\\\/#breadcrumb\"},\"inLanguage\":\"de\",\"potentialAction\":[{\"@type\":\"ReadAction\",\"target\":[\"https:\\\/\\\/waldsportpark-ebersberg.de\\\/index.php\\\/mitglied-werden\\\/\"]}]},{\"@type\":\"BreadcrumbList\",\"@id\":\"https:\\\/\\\/waldsportpark-ebersberg.de\\\/index.php\\\/mitglied-werden\\\/#breadcrumb\",\"itemListElement\":[{\"@type\":\"ListItem\",\"position\":1,\"name\":\"Startseite\",\"item\":\"https:\\\/\\\/waldsportpark-ebersberg.de\\\/\"},{\"@type\":\"ListItem\",\"position\":2,\"name\":\"Mitglied werden\"}]},{\"@type\":\"WebSite\",\"@id\":\"https:\\\/\\\/waldsportpark-ebersberg.de\\\/#website\",\"url\":\"https:\\\/\\\/waldsportpark-ebersberg.de\\\/\",\"name\":\"F\u00f6rderverein Waldsportpark Ebersberg e.V.\",\"description\":\"Eine Website des F\u00f6rderverein Waldsportpark Ebersberg e.V.\",\"potentialAction\":[{\"@type\":\"SearchAction\",\"target\":{\"@type\":\"EntryPoint\",\"urlTemplate\":\"https:\\\/\\\/waldsportpark-ebersberg.de\\\/?s={search_term_string}\"},\"query-input\":{\"@type\":\"PropertyValueSpecification\",\"valueRequired\":true,\"valueName\":\"search_term_string\"}}],\"inLanguage\":\"de\"}]}<\/script>\n<!-- \/ Yoast SEO plugin. -->","yoast_head_json":{"title":"F\u00f6rderverein Waldsportpark Ebersberg e.V. - Mitglied werden","description":"Werden Sie Vereinsmitglied und unterst\u00fctzen Sie den Verein dabei den Sportpark in einem guten Zustand zu erhalten. F\u00fcr nur 1 Euro im Monat k\u00f6nnen Sie sich am Erhalt der Sportanlagen beteiligen. Werden Sie jetzt Mitglied und f\u00f6rdern Sie die Sportkultur in Ebersberg.","robots":{"index":"index","follow":"follow","max-snippet":"max-snippet:-1","max-image-preview":"max-image-preview:large","max-video-preview":"max-video-preview:-1"},"canonical":"https:\/\/waldsportpark-ebersberg.de\/index.php\/mitglied-werden\/","og_locale":"de_DE","og_type":"article","og_title":"F\u00f6rderverein Waldsportpark Ebersberg e.V. - Mitglied werden","og_description":"Werden Sie Vereinsmitglied und unterst\u00fctzen Sie den Verein dabei den Sportpark in einem guten Zustand zu erhalten. F\u00fcr nur 1 Euro im Monat k\u00f6nnen Sie sich am Erhalt der Sportanlagen beteiligen. Werden Sie jetzt Mitglied und f\u00f6rdern Sie die Sportkultur in Ebersberg.","og_url":"https:\/\/waldsportpark-ebersberg.de\/index.php\/mitglied-werden\/","og_site_name":"F\u00f6rderverein Waldsportpark Ebersberg e.V.","article_modified_time":"2025-11-11T09:25:00+00:00","twitter_card":"summary_large_image","twitter_misc":{"Gesch\u00e4tzte Lesezeit":"2\u00a0Minuten"},"schema":{"@context":"https:\/\/schema.org","@graph":[{"@type":"WebPage","@id":"https:\/\/waldsportpark-ebersberg.de\/index.php\/mitglied-werden\/","url":"https:\/\/waldsportpark-ebersberg.de\/index.php\/mitglied-werden\/","name":"F\u00f6rderverein Waldsportpark Ebersberg e.V. - Mitglied werden","isPartOf":{"@id":"https:\/\/waldsportpark-ebersberg.de\/#website"},"datePublished":"2017-11-30T15:44:51+00:00","dateModified":"2025-11-11T09:25:00+00:00","description":"Werden Sie Vereinsmitglied und unterst\u00fctzen Sie den Verein dabei den Sportpark in einem guten Zustand zu erhalten. F\u00fcr nur 1 Euro im Monat k\u00f6nnen Sie sich am Erhalt der Sportanlagen beteiligen. Werden Sie jetzt Mitglied und f\u00f6rdern Sie die Sportkultur in Ebersberg.","breadcrumb":{"@id":"https:\/\/waldsportpark-ebersberg.de\/index.php\/mitglied-werden\/#breadcrumb"},"inLanguage":"de","potentialAction":[{"@type":"ReadAction","target":["https:\/\/waldsportpark-ebersberg.de\/index.php\/mitglied-werden\/"]}]},{"@type":"BreadcrumbList","@id":"https:\/\/waldsportpark-ebersberg.de\/index.php\/mitglied-werden\/#breadcrumb","itemListElement":[{"@type":"ListItem","position":1,"name":"Startseite","item":"https:\/\/waldsportpark-ebersberg.de\/"},{"@type":"ListItem","position":2,"name":"Mitglied werden"}]},{"@type":"WebSite","@id":"https:\/\/waldsportpark-ebersberg.de\/#website","url":"https:\/\/waldsportpark-ebersberg.de\/","name":"F\u00f6rderverein Waldsportpark Ebersberg e.V.","description":"Eine Website des F\u00f6rderverein Waldsportpark Ebersberg e.V.","potentialAction":[{"@type":"SearchAction","target":{"@type":"EntryPoint","urlTemplate":"https:\/\/waldsportpark-ebersberg.de\/?s={search_term_string}"},"query-input":{"@type":"PropertyValueSpecification","valueRequired":true,"valueName":"search_term_string"}}],"inLanguage":"de"}]}},"_links":{"self":[{"href":"https:\/\/waldsportpark-ebersberg.de\/index.php\/wp-json\/wp\/v2\/pages\/21","targetHints":{"allow":["GET"]}}],"collection":[{"href":"https:\/\/waldsportpark-ebersberg.de\/index.php\/wp-json\/wp\/v2\/pages"}],"about":[{"href":"https:\/\/waldsportpark-ebersberg.de\/index.php\/wp-json\/wp\/v2\/types\/page"}],"author":[{"embeddable":true,"href":"https:\/\/waldsportpark-ebersberg.de\/index.php\/wp-json\/wp\/v2\/users\/2"}],"replies":[{"embeddable":true,"href":"https:\/\/waldsportpark-ebersberg.de\/index.php\/wp-json\/wp\/v2\/comments?post=21"}],"version-history":[{"count":23,"href":"https:\/\/waldsportpark-ebersberg.de\/index.php\/wp-json\/wp\/v2\/pages\/21\/revisions"}],"predecessor-version":[{"id":708,"href":"https:\/\/waldsportpark-ebersberg.de\/index.php\/wp-json\/wp\/v2\/pages\/21\/revisions\/708"}],"wp:attachment":[{"href":"https:\/\/waldsportpark-ebersberg.de\/index.php\/wp-json\/wp\/v2\/media?parent=21"}],"curies":[{"name":"wp","href":"https:\/\/api.w.org\/{rel}","templated":true}]}}