{"id":31,"date":"2017-11-30T13:15:53","date_gmt":"2017-11-30T13:15:53","guid":{"rendered":"http:\/\/waldsportpark-ebersberg.de\/?page_id=31"},"modified":"2023-11-21T09:48:55","modified_gmt":"2023-11-21T09:48:55","slug":"home","status":"publish","type":"page","link":"https:\/\/waldsportpark-ebersberg.de\/","title":{"rendered":"Home"},"content":{"rendered":"<div id=\"cs-content\" class=\"cs-content\"><\/div>\n","protected":false},"excerpt":{"rendered":"<p>SkilanglaufDie beiden Skilanglauf Loipen mit einer Gesamtl\u00e4nge von 14 km z\u00e4hlen zu den sch\u00f6nsten Strecken in der Region. Mehr \u00fcber Skilanglauf in EbersbergSkiliftMit dem Skilift in Ebersberg bieten wir vor allem Kindern und Jugendlichen die M\u00f6glichkeit das Skifahren zu lernen und die Freude am Wintersport zu entdecken. Mehr \u00fcber den Skilift EbersbergStockschie\u00dfenDie Stocksch\u00fctzen-Anlage verf\u00fcgt \u00fcber 12 Asphaltbahnen. Die Anlage wird vom TSV Ebersberg sowie vom ESC Ebersberg e.V. genutzt. Mehr \u00fcber Stockschie\u00dfen in EbersbergFu\u00dfballDas Waldsportstadion beinhaltet einen Echtrasen- sowie einen &#8230; <\/p>\n<div><a href=\"https:\/\/waldsportpark-ebersberg.de\/\" class=\"more-link\">Read More<\/a><\/div>\n","protected":false},"author":2,"featured_media":0,"parent":0,"menu_order":0,"comment_status":"closed","ping_status":"closed","template":"template-blank-4.php","meta":{"footnotes":""},"class_list":["post-31","page","type-page","status-publish","hentry","no-post-thumbnail"],"yoast_head":"<!-- This site is optimized with the Yoast SEO plugin v27.3 - https:\/\/yoast.com\/product\/yoast-seo-wordpress\/ -->\n<title>Waldsportpark Ebersberg - Home<\/title>\n<meta name=\"description\" content=\"Der Waldsportpark Ebersberg verf\u00fcgt \u00fcber ein Waldsportstadion mit Fu\u00dfballplatz, Leichtathletik-Anlage und Trib\u00fcne, Hartpl\u00e4tze f\u00fcr Tennis, Handball, Basketball und Volleyball und eine Stocksch\u00fctzenanlage mit 12 Asphaltbahnen, sowie einen Skilift und zwei Skilanglauf-Loipen.\" \/>\n<meta name=\"robots\" content=\"index, follow, max-snippet:-1, max-image-preview:large, max-video-preview:-1\" \/>\n<link rel=\"canonical\" href=\"https:\/\/waldsportpark-ebersberg.de\/\" \/>\n<meta property=\"og:locale\" content=\"de_DE\" \/>\n<meta property=\"og:type\" content=\"article\" \/>\n<meta property=\"og:title\" content=\"Waldsportpark Ebersberg - Home\" \/>\n<meta property=\"og:description\" content=\"Der Waldsportpark Ebersberg verf\u00fcgt \u00fcber ein Waldsportstadion mit Fu\u00dfballplatz, Leichtathletik-Anlage und Trib\u00fcne, Hartpl\u00e4tze f\u00fcr Tennis, Handball, Basketball und Volleyball und eine Stocksch\u00fctzenanlage mit 12 Asphaltbahnen, sowie einen Skilift und zwei Skilanglauf-Loipen.\" \/>\n<meta property=\"og:url\" content=\"https:\/\/waldsportpark-ebersberg.de\/\" \/>\n<meta property=\"og:site_name\" content=\"F\u00f6rderverein Waldsportpark Ebersberg e.V.\" \/>\n<meta property=\"article:modified_time\" content=\"2023-11-21T09:48:55+00:00\" \/>\n<meta name=\"twitter:card\" content=\"summary_large_image\" \/>\n<meta name=\"twitter:label1\" content=\"Gesch\u00e4tzte Lesezeit\" \/>\n\t<meta name=\"twitter:data1\" content=\"7\u00a0Minuten\" \/>\n<script type=\"application\/ld+json\" class=\"yoast-schema-graph\">{\"@context\":\"https:\\\/\\\/schema.org\",\"@graph\":[{\"@type\":\"WebPage\",\"@id\":\"https:\\\/\\\/waldsportpark-ebersberg.de\\\/\",\"url\":\"https:\\\/\\\/waldsportpark-ebersberg.de\\\/\",\"name\":\"Waldsportpark Ebersberg - Home\",\"isPartOf\":{\"@id\":\"https:\\\/\\\/waldsportpark-ebersberg.de\\\/#website\"},\"datePublished\":\"2017-11-30T13:15:53+00:00\",\"dateModified\":\"2023-11-21T09:48:55+00:00\",\"description\":\"Der Waldsportpark Ebersberg verf\u00fcgt \u00fcber ein Waldsportstadion mit Fu\u00dfballplatz, Leichtathletik-Anlage und Trib\u00fcne, Hartpl\u00e4tze f\u00fcr Tennis, Handball, Basketball und Volleyball und eine Stocksch\u00fctzenanlage mit 12 Asphaltbahnen, sowie einen Skilift und zwei Skilanglauf-Loipen.\",\"breadcrumb\":{\"@id\":\"https:\\\/\\\/waldsportpark-ebersberg.de\\\/#breadcrumb\"},\"inLanguage\":\"de\",\"potentialAction\":[{\"@type\":\"ReadAction\",\"target\":[\"https:\\\/\\\/waldsportpark-ebersberg.de\\\/\"]}]},{\"@type\":\"BreadcrumbList\",\"@id\":\"https:\\\/\\\/waldsportpark-ebersberg.de\\\/#breadcrumb\",\"itemListElement\":[{\"@type\":\"ListItem\",\"position\":1,\"name\":\"Startseite\",\"item\":\"https:\\\/\\\/waldsportpark-ebersberg.de\\\/\"},{\"@type\":\"ListItem\",\"position\":2,\"name\":\"Home\"}]},{\"@type\":\"WebSite\",\"@id\":\"https:\\\/\\\/waldsportpark-ebersberg.de\\\/#website\",\"url\":\"https:\\\/\\\/waldsportpark-ebersberg.de\\\/\",\"name\":\"F\u00f6rderverein Waldsportpark Ebersberg e.V.\",\"description\":\"Eine Website des F\u00f6rderverein Waldsportpark Ebersberg e.V.\",\"potentialAction\":[{\"@type\":\"SearchAction\",\"target\":{\"@type\":\"EntryPoint\",\"urlTemplate\":\"https:\\\/\\\/waldsportpark-ebersberg.de\\\/?s={search_term_string}\"},\"query-input\":{\"@type\":\"PropertyValueSpecification\",\"valueRequired\":true,\"valueName\":\"search_term_string\"}}],\"inLanguage\":\"de\"}]}<\/script>\n<!-- \/ Yoast SEO plugin. -->","yoast_head_json":{"title":"Waldsportpark Ebersberg - Home","description":"Der Waldsportpark Ebersberg verf\u00fcgt \u00fcber ein Waldsportstadion mit Fu\u00dfballplatz, Leichtathletik-Anlage und Trib\u00fcne, Hartpl\u00e4tze f\u00fcr Tennis, Handball, Basketball und Volleyball und eine Stocksch\u00fctzenanlage mit 12 Asphaltbahnen, sowie einen Skilift und zwei Skilanglauf-Loipen.","robots":{"index":"index","follow":"follow","max-snippet":"max-snippet:-1","max-image-preview":"max-image-preview:large","max-video-preview":"max-video-preview:-1"},"canonical":"https:\/\/waldsportpark-ebersberg.de\/","og_locale":"de_DE","og_type":"article","og_title":"Waldsportpark Ebersberg - Home","og_description":"Der Waldsportpark Ebersberg verf\u00fcgt \u00fcber ein Waldsportstadion mit Fu\u00dfballplatz, Leichtathletik-Anlage und Trib\u00fcne, Hartpl\u00e4tze f\u00fcr Tennis, Handball, Basketball und Volleyball und eine Stocksch\u00fctzenanlage mit 12 Asphaltbahnen, sowie einen Skilift und zwei Skilanglauf-Loipen.","og_url":"https:\/\/waldsportpark-ebersberg.de\/","og_site_name":"F\u00f6rderverein Waldsportpark Ebersberg e.V.","article_modified_time":"2023-11-21T09:48:55+00:00","twitter_card":"summary_large_image","twitter_misc":{"Gesch\u00e4tzte Lesezeit":"7\u00a0Minuten"},"schema":{"@context":"https:\/\/schema.org","@graph":[{"@type":"WebPage","@id":"https:\/\/waldsportpark-ebersberg.de\/","url":"https:\/\/waldsportpark-ebersberg.de\/","name":"Waldsportpark Ebersberg - Home","isPartOf":{"@id":"https:\/\/waldsportpark-ebersberg.de\/#website"},"datePublished":"2017-11-30T13:15:53+00:00","dateModified":"2023-11-21T09:48:55+00:00","description":"Der Waldsportpark Ebersberg verf\u00fcgt \u00fcber ein Waldsportstadion mit Fu\u00dfballplatz, Leichtathletik-Anlage und Trib\u00fcne, Hartpl\u00e4tze f\u00fcr Tennis, Handball, Basketball und Volleyball und eine Stocksch\u00fctzenanlage mit 12 Asphaltbahnen, sowie einen Skilift und zwei Skilanglauf-Loipen.","breadcrumb":{"@id":"https:\/\/waldsportpark-ebersberg.de\/#breadcrumb"},"inLanguage":"de","potentialAction":[{"@type":"ReadAction","target":["https:\/\/waldsportpark-ebersberg.de\/"]}]},{"@type":"BreadcrumbList","@id":"https:\/\/waldsportpark-ebersberg.de\/#breadcrumb","itemListElement":[{"@type":"ListItem","position":1,"name":"Startseite","item":"https:\/\/waldsportpark-ebersberg.de\/"},{"@type":"ListItem","position":2,"name":"Home"}]},{"@type":"WebSite","@id":"https:\/\/waldsportpark-ebersberg.de\/#website","url":"https:\/\/waldsportpark-ebersberg.de\/","name":"F\u00f6rderverein Waldsportpark Ebersberg e.V.","description":"Eine Website des F\u00f6rderverein Waldsportpark Ebersberg e.V.","potentialAction":[{"@type":"SearchAction","target":{"@type":"EntryPoint","urlTemplate":"https:\/\/waldsportpark-ebersberg.de\/?s={search_term_string}"},"query-input":{"@type":"PropertyValueSpecification","valueRequired":true,"valueName":"search_term_string"}}],"inLanguage":"de"}]}},"_links":{"self":[{"href":"https:\/\/waldsportpark-ebersberg.de\/index.php\/wp-json\/wp\/v2\/pages\/31","targetHints":{"allow":["GET"]}}],"collection":[{"href":"https:\/\/waldsportpark-ebersberg.de\/index.php\/wp-json\/wp\/v2\/pages"}],"about":[{"href":"https:\/\/waldsportpark-ebersberg.de\/index.php\/wp-json\/wp\/v2\/types\/page"}],"author":[{"embeddable":true,"href":"https:\/\/waldsportpark-ebersberg.de\/index.php\/wp-json\/wp\/v2\/users\/2"}],"replies":[{"embeddable":true,"href":"https:\/\/waldsportpark-ebersberg.de\/index.php\/wp-json\/wp\/v2\/comments?post=31"}],"version-history":[{"count":70,"href":"https:\/\/waldsportpark-ebersberg.de\/index.php\/wp-json\/wp\/v2\/pages\/31\/revisions"}],"predecessor-version":[{"id":637,"href":"https:\/\/waldsportpark-ebersberg.de\/index.php\/wp-json\/wp\/v2\/pages\/31\/revisions\/637"}],"wp:attachment":[{"href":"https:\/\/waldsportpark-ebersberg.de\/index.php\/wp-json\/wp\/v2\/media?parent=31"}],"curies":[{"name":"wp","href":"https:\/\/api.w.org\/{rel}","templated":true}]}}