{"id":502,"date":"2018-05-15T13:18:52","date_gmt":"2018-05-15T13:18:52","guid":{"rendered":"http:\/\/waldsportpark-ebersberg.de\/?page_id=502"},"modified":"2023-11-21T10:00:27","modified_gmt":"2023-11-21T10:00:27","slug":"datenschutz","status":"publish","type":"page","link":"https:\/\/waldsportpark-ebersberg.de\/index.php\/datenschutz\/","title":{"rendered":"Datenschutz"},"content":{"rendered":"<div id=\"cs-content\" class=\"cs-content\"><\/div>\n","protected":false},"excerpt":{"rendered":"<p>Datenschutzerkl\u00e4rung 1. Datenschutz auf einen Blick Allgemeine Hinweise Die folgenden Hinweise geben einen einfachen \u00dcberblick dar\u00fcber, was mit Ihren personenbezogenen Daten passiert, wenn Sie unsere Website besuchen. Personenbezogene Daten sind alle Daten, mit denen Sie pers\u00f6nlich identifiziert werden k\u00f6nnen. Ausf\u00fchrliche Informationen zum Thema Datenschutz entnehmen Sie unserer unter diesem Text aufgef\u00fchrten Datenschutzerkl\u00e4rung. Datenerfassung auf unserer Website Wer ist verantwortlich f\u00fcr die Datenerfassung auf dieser Website? Die Datenverarbeitung auf dieser Website erfolgt durch den Websitebetreiber. Dessen Kontaktdaten k\u00f6nnen Sie dem Impressum &#8230; <\/p>\n<div><a href=\"https:\/\/waldsportpark-ebersberg.de\/index.php\/datenschutz\/\" class=\"more-link\">Read More<\/a><\/div>\n","protected":false},"author":2,"featured_media":0,"parent":0,"menu_order":0,"comment_status":"closed","ping_status":"closed","template":"","meta":{"footnotes":""},"class_list":["post-502","page","type-page","status-publish","hentry","no-post-thumbnail"],"yoast_head":"<!-- This site is optimized with the Yoast SEO plugin v27.5 - https:\/\/yoast.com\/product\/yoast-seo-wordpress\/ -->\n<title>Datenschutz - F\u00f6rderverein Waldsportpark Ebersberg e.V.<\/title>\n<meta name=\"robots\" content=\"index, follow, max-snippet:-1, max-image-preview:large, max-video-preview:-1\" \/>\n<link rel=\"canonical\" href=\"https:\/\/waldsportpark-ebersberg.de\/index.php\/datenschutz\/\" \/>\n<meta property=\"og:locale\" content=\"de_DE\" \/>\n<meta property=\"og:type\" content=\"article\" \/>\n<meta property=\"og:title\" content=\"Datenschutz - F\u00f6rderverein Waldsportpark Ebersberg e.V.\" \/>\n<meta property=\"og:description\" content=\"Datenschutzerkl\u00e4rung 1. Datenschutz auf einen Blick Allgemeine Hinweise Die folgenden Hinweise geben einen einfachen \u00dcberblick dar\u00fcber, was mit Ihren personenbezogenen Daten passiert, wenn Sie unsere Website besuchen. Personenbezogene Daten sind alle Daten, mit denen Sie pers\u00f6nlich identifiziert werden k\u00f6nnen. Ausf\u00fchrliche Informationen zum Thema Datenschutz entnehmen Sie unserer unter diesem Text aufgef\u00fchrten Datenschutzerkl\u00e4rung. Datenerfassung auf unserer Website Wer ist verantwortlich f\u00fcr die Datenerfassung auf dieser Website? Die Datenverarbeitung auf dieser Website erfolgt durch den Websitebetreiber. Dessen Kontaktdaten k\u00f6nnen Sie dem Impressum ... Read More\" \/>\n<meta property=\"og:url\" content=\"https:\/\/waldsportpark-ebersberg.de\/index.php\/datenschutz\/\" \/>\n<meta property=\"og:site_name\" content=\"F\u00f6rderverein Waldsportpark Ebersberg e.V.\" \/>\n<meta property=\"article:modified_time\" content=\"2023-11-21T10:00:27+00:00\" \/>\n<meta name=\"twitter:card\" content=\"summary_large_image\" \/>\n<meta name=\"twitter:label1\" content=\"Gesch\u00e4tzte Lesezeit\" \/>\n\t<meta name=\"twitter:data1\" content=\"10\u00a0Minuten\" \/>\n<script type=\"application\/ld+json\" class=\"yoast-schema-graph\">{\"@context\":\"https:\\\/\\\/schema.org\",\"@graph\":[{\"@type\":\"WebPage\",\"@id\":\"https:\\\/\\\/waldsportpark-ebersberg.de\\\/index.php\\\/datenschutz\\\/\",\"url\":\"https:\\\/\\\/waldsportpark-ebersberg.de\\\/index.php\\\/datenschutz\\\/\",\"name\":\"Datenschutz - F\u00f6rderverein Waldsportpark Ebersberg e.V.\",\"isPartOf\":{\"@id\":\"https:\\\/\\\/waldsportpark-ebersberg.de\\\/#website\"},\"datePublished\":\"2018-05-15T13:18:52+00:00\",\"dateModified\":\"2023-11-21T10:00:27+00:00\",\"breadcrumb\":{\"@id\":\"https:\\\/\\\/waldsportpark-ebersberg.de\\\/index.php\\\/datenschutz\\\/#breadcrumb\"},\"inLanguage\":\"de\",\"potentialAction\":[{\"@type\":\"ReadAction\",\"target\":[\"https:\\\/\\\/waldsportpark-ebersberg.de\\\/index.php\\\/datenschutz\\\/\"]}]},{\"@type\":\"BreadcrumbList\",\"@id\":\"https:\\\/\\\/waldsportpark-ebersberg.de\\\/index.php\\\/datenschutz\\\/#breadcrumb\",\"itemListElement\":[{\"@type\":\"ListItem\",\"position\":1,\"name\":\"Startseite\",\"item\":\"https:\\\/\\\/waldsportpark-ebersberg.de\\\/\"},{\"@type\":\"ListItem\",\"position\":2,\"name\":\"Datenschutz\"}]},{\"@type\":\"WebSite\",\"@id\":\"https:\\\/\\\/waldsportpark-ebersberg.de\\\/#website\",\"url\":\"https:\\\/\\\/waldsportpark-ebersberg.de\\\/\",\"name\":\"F\u00f6rderverein Waldsportpark Ebersberg e.V.\",\"description\":\"Eine Website des F\u00f6rderverein Waldsportpark Ebersberg e.V.\",\"potentialAction\":[{\"@type\":\"SearchAction\",\"target\":{\"@type\":\"EntryPoint\",\"urlTemplate\":\"https:\\\/\\\/waldsportpark-ebersberg.de\\\/?s={search_term_string}\"},\"query-input\":{\"@type\":\"PropertyValueSpecification\",\"valueRequired\":true,\"valueName\":\"search_term_string\"}}],\"inLanguage\":\"de\"}]}<\/script>\n<!-- \/ Yoast SEO plugin. -->","yoast_head_json":{"title":"Datenschutz - F\u00f6rderverein Waldsportpark Ebersberg e.V.","robots":{"index":"index","follow":"follow","max-snippet":"max-snippet:-1","max-image-preview":"max-image-preview:large","max-video-preview":"max-video-preview:-1"},"canonical":"https:\/\/waldsportpark-ebersberg.de\/index.php\/datenschutz\/","og_locale":"de_DE","og_type":"article","og_title":"Datenschutz - F\u00f6rderverein Waldsportpark Ebersberg e.V.","og_description":"Datenschutzerkl\u00e4rung 1. Datenschutz auf einen Blick Allgemeine Hinweise Die folgenden Hinweise geben einen einfachen \u00dcberblick dar\u00fcber, was mit Ihren personenbezogenen Daten passiert, wenn Sie unsere Website besuchen. Personenbezogene Daten sind alle Daten, mit denen Sie pers\u00f6nlich identifiziert werden k\u00f6nnen. Ausf\u00fchrliche Informationen zum Thema Datenschutz entnehmen Sie unserer unter diesem Text aufgef\u00fchrten Datenschutzerkl\u00e4rung. Datenerfassung auf unserer Website Wer ist verantwortlich f\u00fcr die Datenerfassung auf dieser Website? Die Datenverarbeitung auf dieser Website erfolgt durch den Websitebetreiber. Dessen Kontaktdaten k\u00f6nnen Sie dem Impressum ... Read More","og_url":"https:\/\/waldsportpark-ebersberg.de\/index.php\/datenschutz\/","og_site_name":"F\u00f6rderverein Waldsportpark Ebersberg e.V.","article_modified_time":"2023-11-21T10:00:27+00:00","twitter_card":"summary_large_image","twitter_misc":{"Gesch\u00e4tzte Lesezeit":"10\u00a0Minuten"},"schema":{"@context":"https:\/\/schema.org","@graph":[{"@type":"WebPage","@id":"https:\/\/waldsportpark-ebersberg.de\/index.php\/datenschutz\/","url":"https:\/\/waldsportpark-ebersberg.de\/index.php\/datenschutz\/","name":"Datenschutz - F\u00f6rderverein Waldsportpark Ebersberg e.V.","isPartOf":{"@id":"https:\/\/waldsportpark-ebersberg.de\/#website"},"datePublished":"2018-05-15T13:18:52+00:00","dateModified":"2023-11-21T10:00:27+00:00","breadcrumb":{"@id":"https:\/\/waldsportpark-ebersberg.de\/index.php\/datenschutz\/#breadcrumb"},"inLanguage":"de","potentialAction":[{"@type":"ReadAction","target":["https:\/\/waldsportpark-ebersberg.de\/index.php\/datenschutz\/"]}]},{"@type":"BreadcrumbList","@id":"https:\/\/waldsportpark-ebersberg.de\/index.php\/datenschutz\/#breadcrumb","itemListElement":[{"@type":"ListItem","position":1,"name":"Startseite","item":"https:\/\/waldsportpark-ebersberg.de\/"},{"@type":"ListItem","position":2,"name":"Datenschutz"}]},{"@type":"WebSite","@id":"https:\/\/waldsportpark-ebersberg.de\/#website","url":"https:\/\/waldsportpark-ebersberg.de\/","name":"F\u00f6rderverein Waldsportpark Ebersberg e.V.","description":"Eine Website des F\u00f6rderverein Waldsportpark Ebersberg e.V.","potentialAction":[{"@type":"SearchAction","target":{"@type":"EntryPoint","urlTemplate":"https:\/\/waldsportpark-ebersberg.de\/?s={search_term_string}"},"query-input":{"@type":"PropertyValueSpecification","valueRequired":true,"valueName":"search_term_string"}}],"inLanguage":"de"}]}},"_links":{"self":[{"href":"https:\/\/waldsportpark-ebersberg.de\/index.php\/wp-json\/wp\/v2\/pages\/502","targetHints":{"allow":["GET"]}}],"collection":[{"href":"https:\/\/waldsportpark-ebersberg.de\/index.php\/wp-json\/wp\/v2\/pages"}],"about":[{"href":"https:\/\/waldsportpark-ebersberg.de\/index.php\/wp-json\/wp\/v2\/types\/page"}],"author":[{"embeddable":true,"href":"https:\/\/waldsportpark-ebersberg.de\/index.php\/wp-json\/wp\/v2\/users\/2"}],"replies":[{"embeddable":true,"href":"https:\/\/waldsportpark-ebersberg.de\/index.php\/wp-json\/wp\/v2\/comments?post=502"}],"version-history":[{"count":10,"href":"https:\/\/waldsportpark-ebersberg.de\/index.php\/wp-json\/wp\/v2\/pages\/502\/revisions"}],"predecessor-version":[{"id":636,"href":"https:\/\/waldsportpark-ebersberg.de\/index.php\/wp-json\/wp\/v2\/pages\/502\/revisions\/636"}],"wp:attachment":[{"href":"https:\/\/waldsportpark-ebersberg.de\/index.php\/wp-json\/wp\/v2\/media?parent=502"}],"curies":[{"name":"wp","href":"https:\/\/api.w.org\/{rel}","templated":true}]}}