{"id":523,"date":"2018-10-24T13:14:31","date_gmt":"2018-10-24T13:14:31","guid":{"rendered":"https:\/\/waldsportpark-ebersberg.de\/?page_id=523"},"modified":"2018-10-24T13:16:44","modified_gmt":"2018-10-24T13:16:44","slug":"vereinssatzung","status":"publish","type":"page","link":"https:\/\/waldsportpark-ebersberg.de\/index.php\/vereinssatzung\/","title":{"rendered":"Vereinssatzung"},"content":{"rendered":"<p><span style=\"color: #504646;\"><strong>F\u00f6rderverein Waldsportpark<\/strong><\/span><br \/>\n<span style=\"color: #504646;\"><strong>Ebersberg e.V.<\/strong><\/span><br \/>\n<span style=\"color: #504646;\">Ebersberg, 24.10.2018<\/span><\/p>\n<h1 style=\"text-align: left;\"><span style=\"color: #504646;\">Satzung des<\/span><br \/>\n<span style=\"color: #504646;\">F\u00f6rdervereins Waldsportpark<\/span><br \/>\n<span style=\"color: #504646;\">Ebersberg e.V.<\/span><\/h1>\n<p style=\"text-align: left;\"><span style=\"color: #504646;\"><strong>\u00a7 1)<\/strong> Der <strong>F\u00f6rderverein Waldsportpark Ebersberg e.V.<\/strong> mit Sitz in Ebersberg<\/span><br \/>\n<span style=\"color: #504646;\">verfolgt ausschlie\u00dflich und unmittelbar gemeinn\u00fctzige Zwecke im Sinne des<\/span><br \/>\n<span style=\"color: #504646;\">Abschnitts \u201eSteuerbeg\u00fcnstige Zwecke\u201c der Abgabenordnung.<\/span><\/p>\n<p style=\"text-align: left;\"><span style=\"color: #504646;\">Er ist im Vereinsregister (VR 30066) des Amtsgerichts M\u00fcnchen eingetragen.<\/span><\/p>\n<p style=\"text-align: left;\"><span style=\"color: #504646;\">Der Verein steht unter der Schirmherrschaft des jeweils amtierenden,<\/span><br \/>\n<span style=\"color: #504646;\">Ersten B\u00fcrgermeisters der Stadt Ebersberg.<\/span><\/p>\n<p style=\"text-align: left;\"><span style=\"color: #504646;\">Zweck des Vereins ist die F\u00f6rderung des Sports im Umgriff des Waldsportparks Ebersberg.<\/span><\/p>\n<p style=\"text-align: left;\"><span style=\"color: #504646;\"><strong>Der Satzungszweck wird verwirklicht insbesondere durch die:<\/strong><\/span><\/p>\n<ol style=\"text-align: left;\">\n<li><span style=\"color: #504646;\">Vorbereitung von Planungen f\u00fcr evtl. Erweiterungen des Waldsportparks,<\/span><\/li>\n<li><span style=\"color: #504646;\">Erarbeitung von Konzepten zur Umgestaltung einzelner Anlagen im Waldsportpark,<\/span><\/li>\n<li><span style=\"color: #504646;\">Koordinierung der an der Nutzung des Waldsportparks interessierten Vereine,<\/span><\/li>\n<li><span style=\"color: #504646;\">Vertretung der an der Nutzung des Waldsportparks Interessierten,<\/span><\/li>\n<li><span style=\"color: #504646;\">Betrieb und Unterhalt des Skilifts,<\/span><\/li>\n<li><span style=\"color: #504646;\">Mitwirkung und F\u00f6rderung der Ausstattung bzw. Instandhaltung der Sportanlagen im Waldsportpark,<\/span><\/li>\n<li><span style=\"color: #504646;\">Herstellung und Unterhalt von Skilanglaufloipen, sowie Betrieb und Unterhalt der hierf\u00fcr erforderlichen Maschinen.<\/span><\/li>\n<\/ol>\n<p style=\"text-align: left;\"><span style=\"color: #504646;\"><strong>\u00a7 2)<\/strong> Der Verein ist selbstlos t\u00e4tig; er verfolgt nicht in erster Linie eigenwirtschaftliche Zwecke.<\/span><\/p>\n<p style=\"text-align: left;\"><span style=\"color: #504646;\"><strong>\u00a7 3)<\/strong> Die Mittel des Vereins d\u00fcrfen nur f\u00fcr die satzungsgem\u00e4\u00dfen Zwecke verwendet werden. Die Mitglieder erhalten keine Zuwendungen aus den Mitteln des Vereins.<\/span><\/p>\n<p style=\"text-align: left;\"><span style=\"color: #504646;\"><strong>\u00a7 4)<\/strong> Es darf keine Person durch Ausgaben, die dem Zweck der K\u00f6rperschaft fremd sind oder durch unverh\u00e4ltnism\u00e4\u00dfig hohe Verg\u00fctungen beg\u00fcnstigt werden.<\/span><\/p>\n<p style=\"text-align: left;\"><span style=\"color: #504646;\"><strong>\u00a7 5)<\/strong> Bei Aufl\u00f6sung des Vereins oder bei Wegfall steuerbeg\u00fcnstigter Zwecke f\u00e4llt das Verm\u00f6gen des Vereins an die Stadt Ebersberg, die es unmittelbar und ausschlie\u00dflich f\u00fcr gemeinn\u00fctzige Zwecke zu verwenden hat.<\/span><\/p>\n<p style=\"text-align: left;\"><span style=\"color: #504646;\">Die Aufl\u00f6sung des Vereins erfolgt durch Beschlu\u00df der Mitgliederversammlung auf Antrag des Vorstandes. Die Einladung zu der dar\u00fcber beschlie\u00dfenden Mitgliederversammlung muss vier Wochen vor dieser Sitzung schriftlich erfolgen.<\/span><\/p>\n<p style=\"text-align: left;\"><span style=\"color: #504646;\">Die Mitgliederversammlung ist beschlu\u00dff\u00e4hig, wenn mindestens zwei Drittel der Mitglieder anwesend sind. Ist dies nicht der Fall, so muss innerhalb von zwei Wochen die Einberufung einer zweiten Versammlung erfolgen. Diese kann die Aufl\u00f6sung dann ohne R\u00fccksicht auf die Anzahl der anwesenden Mitglieder beschlie\u00dfen. Der Aufl\u00f6sungsbeschluss bedarf der Zustimmung von drei Viertel der abgegebenen Stimmen.<\/span><\/p>\n<p style=\"text-align: left;\"><span style=\"color: #504646;\">Die Mitgliederversammlung ernennt zur Abwicklung der Gesch\u00e4fte des Vereins zwei Liquidatoren.<\/span><\/p>\n<p style=\"text-align: left;\"><span style=\"color: #504646;\"><strong>\u00a7 6)<\/strong> Der F\u00f6rderverein besteht aus:<\/span><\/p>\n<ul>\n<li style=\"text-align: left;\"><span style=\"color: #504646;\">Einzelmitgliedern,<\/span><\/li>\n<li style=\"text-align: left;\"><span style=\"color: #504646;\">Vereinen oder K\u00f6rperschaften des \u00f6ffentlichen und privaten Rechts,<\/span><\/li>\n<li style=\"text-align: left;\"><span style=\"color: #504646;\">Ehrenmitgliedern.<\/span><\/li>\n<\/ul>\n<p style=\"text-align: left;\"><span style=\"color: #504646;\">Die Mitgliedschaft wird erworben durch schriftliche Beitrittserkl\u00e4rung. \u00dcber die Aufnahme zum Verein entscheidet der Vorstand. Gegen einen ablehnenden Bescheid ist binnen einer Frist von einem Monat Berufung durch die Mitgliederversammlung zul\u00e4ssig.<\/span><\/p>\n<p style=\"text-align: left;\"><span style=\"color: #504646;\">Die Mitgliedschaft erlischt durch:<\/span><\/p>\n<ul>\n<li style=\"text-align: left;\"><span style=\"color: #504646;\">Tod,<\/span><\/li>\n<li style=\"text-align: left;\"><span style=\"color: #504646;\">Austrittserkl\u00e4rung, die schriftlich zu H\u00e4nden des Vorstandes unter Einhaltung einer dreimonatigen K\u00fcndigungsfrist auf den Schlu\u00df des Gesch\u00e4ftsjahres (Kalenderjahr) zu erkl\u00e4ren ist,<\/span><\/li>\n<li style=\"text-align: left;\"><span style=\"color: #504646;\">Ausschluss.<\/span><\/li>\n<\/ul>\n<p style=\"text-align: left;\"><span style=\"color: #504646;\"><strong>\u00a7 7)<\/strong> Ausschluss eines Mitglieds<\/span><\/p>\n<ul>\n<li style=\"text-align: left;\"><span style=\"color: #504646;\">Der Ausschluss kann durch Beschluss des Vorstandes ausgesprochen werden, wenn das Mitglied Ansehen und Interessen des Vereins sch\u00e4digt, seiner Beitragspflicht trotz zweimaliger Aufforderung nicht nachkommt oder aus einem anderen wichtigen Grund. Der Ausschlussantrag kann durch jedes Mitglied gestellt werden.<\/span><\/li>\n<li style=\"text-align: left;\"><span style=\"color: #504646;\">Vor Beschlussfassung \u00fcber den Ausschlussantrag ist das Mitglied zu h\u00f6ren.<\/span><\/li>\n<li style=\"text-align: left;\"><span style=\"color: #504646;\">Der Beschluss \u00fcber den Ausschluss ist dem Mitglied schriftlich mitzuteilen. Gegen den Beschuss ist innerhalb einer Monatsfrist Berufung an die Mitgliederversammlung zul\u00e4ssig.<\/span><\/li>\n<\/ul>\n<p style=\"text-align: left;\"><span style=\"color: #504646;\"><strong>\u00a7 8)<\/strong> Jahresbeitrag<\/span><\/p>\n<p style=\"text-align: left;\"><span style=\"color: #504646;\">In der Einladung zur Mitgliederversammlung ist die beabsichtigte \u00c4nderung des Jahresbeitrages als Tagesordnungspunkt aufzunehmen.\u00dcber die H\u00f6he des Mitgliedsbeitrages entscheidet die Mitgliederversammlung.<\/span><\/p>\n<p style=\"text-align: left;\"><span style=\"color: #504646;\">Der Mitgliedsbeitrag ist f\u00fcr das Gesch\u00e4ftsjahr (Kalenderjahr) im voraus zu entrichten.<\/span><\/p>\n<p style=\"text-align: left;\"><span style=\"color: #504646;\"><strong>\u00a7 9)<\/strong> Vereinsorgane sind:<\/span><\/p>\n<ul>\n<li style=\"text-align: left;\"><span style=\"color: #504646;\">der Vorstand,<\/span><\/li>\n<li style=\"text-align: left;\"><span style=\"color: #504646;\">der Vereinsausschuss,<\/span><\/li>\n<li style=\"text-align: left;\"><span style=\"color: #504646;\">die Mitgliederversammlung.<\/span><\/li>\n<\/ul>\n<p style=\"text-align: left;\"><span style=\"color: #504646;\"><strong>\u00a7 10)<\/strong> Der Vorstand besteht i.S.d. \u00a7 26 BGB aus dem:<\/span><\/p>\n<ul>\n<li style=\"text-align: left;\"><span style=\"color: #504646;\">1. Vorsitzenden,<\/span><\/li>\n<li style=\"text-align: left;\"><span style=\"color: #504646;\">2. Vorsitzenden,<\/span><\/li>\n<li style=\"text-align: left;\"><span style=\"color: #504646;\">Schriftf\u00fchrer,<\/span><\/li>\n<li style=\"text-align: left;\"><span style=\"color: #504646;\">techn. Leiter Skilift,<\/span><\/li>\n<li style=\"text-align: left;\"><span style=\"color: #504646;\">Schatzmeister.<\/span><\/li>\n<\/ul>\n<p style=\"text-align: left;\"><span style=\"color: #504646;\">Der Vereinsausschuss besteht aus:<\/span><\/p>\n<ul>\n<li style=\"text-align: left;\"><span style=\"color: #504646;\">den Vorstandsmitgliedern,<\/span><\/li>\n<li style=\"text-align: left;\"><span style=\"color: #504646;\">f\u00fcnf gew\u00e4hlten Beisitzern.<\/span><\/li>\n<\/ul>\n<p style=\"text-align: left;\"><span style=\"color: #504646;\">Die Beschl\u00fcsse des Vorstandes und des Vereinsausschusses werden mit Stimmenmehrheit gefasst. Bei Stimmengleichheit entscheidet die Stimme des 1. Vorsitzenden.<\/span><\/p>\n<p style=\"text-align: left;\"><span style=\"color: #504646;\">Je zwei Vorstandsmitglieder vertreten den Verein gerichtlich und au\u00dfergerichtlich, wovon einer der 1. oder 2. Vorsitzende sein muss. Bei Abwesenheit beider Vorsitzender wird der Verein von zwei Mitgliedern des restlichen Vorstandes gerichtlich und au\u00dfergerichtlich vertreten.<\/span><\/p>\n<p style=\"text-align: left;\"><span style=\"color: #504646;\">Der Vorstand f\u00fchrt die laufenden Gesch\u00e4fte des Vereins. Ihm obliegt die Verwaltung und Verwendung des Vereinsverm\u00f6gens. Seine T\u00e4tigkeit ist ehrenamtlich. Im Innenverh\u00e4ltnis des Vorstandes sollen sich die \u00fcbrigen Vorstandsmitglieder der Vertretung enthalten, wenn der 1. und 2. Vorsitzende nicht verhindert sind.<\/span><\/p>\n<p style=\"text-align: left;\"><span style=\"color: #504646;\"><strong>\u00a7 11)<\/strong> Vereinsausschuss<\/span><\/p>\n<p style=\"text-align: left;\"><span style=\"color: #504646;\">Die Aufgaben des Vereinsausschusses liegen in der st\u00e4ndigen Mitwirkung bei der F\u00fchrung der Gesch\u00e4fte des Vereins durch den Vorstand.<\/span><\/p>\n<p style=\"text-align: left;\"><span style=\"color: #504646;\"><strong>\u00a7 12)<\/strong> Mitgliederversammlung<\/span><\/p>\n<p style=\"text-align: left;\"><span style=\"color: #504646;\">Die mindestens alle zwei Jahre stattfindende Mitgliederversammlung hat folgende Aufgaben:<\/span><\/p>\n<ul>\n<li style=\"text-align: left;\"><span style=\"color: #504646;\">Wahl des Vorstandes, f\u00fcnf Beisitzern und zweier Revisoren,<\/span><\/li>\n<li style=\"text-align: left;\"><span style=\"color: #504646;\">Entgegennahme des Rechenschaftsberichtes der Vorstandschaft und deren Entlastung,<\/span><\/li>\n<li style=\"text-align: left;\"><span style=\"color: #504646;\">Genehmigung des Haushaltsplanes und die evtl. Neufestsetzung des Mitgliedsbeitrages,<\/span><\/li>\n<li style=\"text-align: left;\"><span style=\"color: #504646;\">Beschlussfassung \u00fcber etwaige Satzungs\u00e4nderungen und ihr vom Vorstand zu unterbreitende Aufgaben und Pl\u00e4ne, sowie \u00fcber die nach der Satzung ihr \u00fcbertragenen Angelegenheiten,<\/span><\/li>\n<li style=\"text-align: left;\"><span style=\"color: #504646;\">Beschlussfassung \u00fcber die Aufl\u00f6sung des Vereins.<\/span><\/li>\n<\/ul>\n<p style=\"text-align: left;\"><span style=\"color: #504646;\">Die Wahl des Vorstandes, der Beisitzer und zweier Revisoren (Kassenpr\u00fcfer) findet alle zwei Jahre statt.<\/span><\/p>\n<p style=\"text-align: left;\"><span style=\"color: #504646;\">Die ordentliche Mitgliederversammlung wird durch den Vorstand einberufen. Die Mitglieder sind unter Bekanntgabe der Tagesordnung mindestens eine Woche vor dem Tag der Mitgliederversammlung schriftlich einzuladen.<\/span><\/p>\n<p style=\"text-align: left;\"><span style=\"color: #504646;\">Der Vorstand kann bei Bedarf eine au\u00dferordentliche Mitgliederversammlung einberufen. Er ist hierzu verpflichtet, wenn 10 % der Mitglieder dies unter Zweckangabe schriftlich verlangen. In diesem Fall sind die Mitglieder unter Bekanntgabe der Tagesordnung mindestens 8 Tage vor dem Tage der au\u00dferordentlichen Mitgliederversammlung schriftlich einzuladen.<\/span><\/p>\n<p style=\"text-align: left;\"><span style=\"color: #504646;\"><strong>\u00a7 13)<\/strong> Vorsitz in der Mitgliederversammlung und deren Rechte<\/span><\/p>\n<p style=\"text-align: left;\"><span style=\"color: #504646;\">Den Vorsitz der Mitgliederversammlung f\u00fchrt der 1. Vorsitzende. Bei dessen Be- oder Verhinderung der 2. Vorsitzende und im Falle der Verhinderung beider ein Mitglied des restlichen Vorstandes.<\/span><\/p>\n<p style=\"text-align: left;\"><span style=\"color: #504646;\">Rechte der Mitgliederversammlung:<\/span><\/p>\n<ul>\n<li style=\"text-align: left;\"><span style=\"color: #504646;\">jedes Mitglied hat in der Versammlung eine Stimme. Vertretung ist unzul\u00e4ssig,<\/span><\/li>\n<li style=\"text-align: left;\"><span style=\"color: #504646;\">der Beschlussfassung durch die Mitgliederversammlung unterliegen die in der Tagesordnung bekannt gegebenen Punkte,<\/span><\/li>\n<li style=\"text-align: left;\"><span style=\"color: #504646;\">die Mitgliederversammlung kann mit Ausnahme von Satzungs\u00e4nderungen weitere Punkte auf die Tagesordnung setzen,<\/span><\/li>\n<li style=\"text-align: left;\"><span style=\"color: #504646;\">alle Beschl\u00fcsse der Mitgliederversammlung werden, soweit nach Gesetz und Satzung zul\u00e4ssig, mit einfacher Stimmenmehrheit gefasst. Handelt es sich um die Wahl des Vorstandes, entscheidet bei Stimmengleichheit das Los,<\/span><\/li>\n<li style=\"text-align: left;\"><span style=\"color: #504646;\">\u00dcber die Beschl\u00fcsse des Vorstandes und der Mitgliederversammlung ist eine Niederschrift zu f\u00fchren, die vom Vorsitzenden und vom Schriftf\u00fchrer zu unterzeichnen ist.<\/span><\/li>\n<\/ul>\n<p style=\"text-align: left;\"><span style=\"color: #504646;\"><strong>\u00a7 14)<\/strong> Satzungs\u00e4nderung<\/span><\/p>\n<p style=\"text-align: left;\"><span style=\"color: #504646;\">Zu einem Beschluss, der eine \u00c4nderung der Satzung enth\u00e4lt, ist eine Mehrheit von drei Viertel der erschienen Mitglieder erforderlich.<\/span><\/p>\n<p style=\"text-align: left;\"><span style=\"color: #504646;\">Diese am 24.10.2018 ge\u00e4nderte Satzung tritt an die Stelle der ge\u00e4nderten Satzung vom 19.11.2012<\/span><\/p>\n<p style=\"text-align: left;\"><span style=\"color: #504646;\">85560 Ebersberg, 24.10.2018<\/span><\/p>\n<h4 style=\"text-align: left;\"><span style=\"color: #504646;\">Unterzeichnet von:<\/span><\/h4>\n<p style=\"text-align: left;\"><span style=\"color: #504646;\"><strong>Andreas Schmidt<\/strong><\/span><br \/>\n<span style=\"color: #504646;\">1.Vorsitzender<\/span><\/p>\n<p style=\"text-align: left;\"><span style=\"color: #504646;\"><strong>Thomas Wolf<\/strong><\/span><br \/>\n<span style=\"color: #504646;\">2.Vorsitzender<\/span><\/p>\n<p style=\"text-align: left;\"><span style=\"color: #504646;\"><strong>Manfred Pompl<\/strong><\/span><br \/>\n<span style=\"color: #504646;\">Schriftf\u00fchrer<\/span><\/p>\n<p style=\"text-align: left;\"><span style=\"color: #504646;\"><strong>Georg Wiedeck <\/strong><\/span><br \/>\n<span style=\"color: #504646;\">Schatzmeister techn.<\/span><\/p>\n<p><span style=\"color: #504646;\"><strong>Rainer Mitterhofer<\/strong><\/span><br \/>\n<span style=\"color: #504646;\">Leiter Skilift<\/span><\/p>\n","protected":false},"excerpt":{"rendered":"<p>F\u00f6rderverein Waldsportpark Ebersberg e.V. Ebersberg, 24.10.2018 Satzung des F\u00f6rdervereins Waldsportpark Ebersberg e.V. \u00a7 1) Der F\u00f6rderverein Waldsportpark Ebersberg e.V. mit Sitz in Ebersberg verfolgt ausschlie\u00dflich und unmittelbar gemeinn\u00fctzige Zwecke im Sinne des Abschnitts \u201eSteuerbeg\u00fcnstige Zwecke\u201c der Abgabenordnung. Er ist im Vereinsregister (VR 30066) des Amtsgerichts M\u00fcnchen eingetragen. Der Verein steht unter der Schirmherrschaft des jeweils amtierenden, Ersten B\u00fcrgermeisters der Stadt Ebersberg. Zweck des Vereins ist die F\u00f6rderung des Sports im Umgriff des Waldsportparks Ebersberg. Der Satzungszweck wird verwirklicht insbesondere durch &#8230; <\/p>\n<div><a href=\"https:\/\/waldsportpark-ebersberg.de\/index.php\/vereinssatzung\/\" class=\"more-link\">Read More<\/a><\/div>\n","protected":false},"author":2,"featured_media":0,"parent":0,"menu_order":0,"comment_status":"closed","ping_status":"closed","template":"","meta":{"footnotes":""},"class_list":["post-523","page","type-page","status-publish","hentry","no-post-thumbnail"],"yoast_head":"<!-- This site is optimized with the Yoast SEO plugin v27.5 - https:\/\/yoast.com\/product\/yoast-seo-wordpress\/ -->\n<title>Vereinssatzung - F\u00f6rderverein Waldsportpark Ebersberg e.V.<\/title>\n<meta name=\"robots\" content=\"index, follow, max-snippet:-1, max-image-preview:large, max-video-preview:-1\" \/>\n<link rel=\"canonical\" href=\"https:\/\/waldsportpark-ebersberg.de\/index.php\/vereinssatzung\/\" \/>\n<meta property=\"og:locale\" content=\"de_DE\" \/>\n<meta property=\"og:type\" content=\"article\" \/>\n<meta property=\"og:title\" content=\"Vereinssatzung - F\u00f6rderverein Waldsportpark Ebersberg e.V.\" \/>\n<meta property=\"og:description\" content=\"F\u00f6rderverein Waldsportpark Ebersberg e.V. Ebersberg, 24.10.2018 Satzung des F\u00f6rdervereins Waldsportpark Ebersberg e.V. \u00a7 1) Der F\u00f6rderverein Waldsportpark Ebersberg e.V. mit Sitz in Ebersberg verfolgt ausschlie\u00dflich und unmittelbar gemeinn\u00fctzige Zwecke im Sinne des Abschnitts \u201eSteuerbeg\u00fcnstige Zwecke\u201c der Abgabenordnung. Er ist im Vereinsregister (VR 30066) des Amtsgerichts M\u00fcnchen eingetragen. Der Verein steht unter der Schirmherrschaft des jeweils amtierenden, Ersten B\u00fcrgermeisters der Stadt Ebersberg. Zweck des Vereins ist die F\u00f6rderung des Sports im Umgriff des Waldsportparks Ebersberg. Der Satzungszweck wird verwirklicht insbesondere durch ... Read More\" \/>\n<meta property=\"og:url\" content=\"https:\/\/waldsportpark-ebersberg.de\/index.php\/vereinssatzung\/\" \/>\n<meta property=\"og:site_name\" content=\"F\u00f6rderverein Waldsportpark Ebersberg e.V.\" \/>\n<meta property=\"article:modified_time\" content=\"2018-10-24T13:16:44+00:00\" \/>\n<meta name=\"twitter:card\" content=\"summary_large_image\" \/>\n<meta name=\"twitter:label1\" content=\"Gesch\u00e4tzte Lesezeit\" \/>\n\t<meta name=\"twitter:data1\" content=\"5\u00a0Minuten\" \/>\n<script type=\"application\/ld+json\" class=\"yoast-schema-graph\">{\"@context\":\"https:\\\/\\\/schema.org\",\"@graph\":[{\"@type\":\"WebPage\",\"@id\":\"https:\\\/\\\/waldsportpark-ebersberg.de\\\/index.php\\\/vereinssatzung\\\/\",\"url\":\"https:\\\/\\\/waldsportpark-ebersberg.de\\\/index.php\\\/vereinssatzung\\\/\",\"name\":\"Vereinssatzung - F\u00f6rderverein Waldsportpark Ebersberg e.V.\",\"isPartOf\":{\"@id\":\"https:\\\/\\\/waldsportpark-ebersberg.de\\\/#website\"},\"datePublished\":\"2018-10-24T13:14:31+00:00\",\"dateModified\":\"2018-10-24T13:16:44+00:00\",\"breadcrumb\":{\"@id\":\"https:\\\/\\\/waldsportpark-ebersberg.de\\\/index.php\\\/vereinssatzung\\\/#breadcrumb\"},\"inLanguage\":\"de\",\"potentialAction\":[{\"@type\":\"ReadAction\",\"target\":[\"https:\\\/\\\/waldsportpark-ebersberg.de\\\/index.php\\\/vereinssatzung\\\/\"]}]},{\"@type\":\"BreadcrumbList\",\"@id\":\"https:\\\/\\\/waldsportpark-ebersberg.de\\\/index.php\\\/vereinssatzung\\\/#breadcrumb\",\"itemListElement\":[{\"@type\":\"ListItem\",\"position\":1,\"name\":\"Startseite\",\"item\":\"https:\\\/\\\/waldsportpark-ebersberg.de\\\/\"},{\"@type\":\"ListItem\",\"position\":2,\"name\":\"Vereinssatzung\"}]},{\"@type\":\"WebSite\",\"@id\":\"https:\\\/\\\/waldsportpark-ebersberg.de\\\/#website\",\"url\":\"https:\\\/\\\/waldsportpark-ebersberg.de\\\/\",\"name\":\"F\u00f6rderverein Waldsportpark Ebersberg e.V.\",\"description\":\"Eine Website des F\u00f6rderverein Waldsportpark Ebersberg e.V.\",\"potentialAction\":[{\"@type\":\"SearchAction\",\"target\":{\"@type\":\"EntryPoint\",\"urlTemplate\":\"https:\\\/\\\/waldsportpark-ebersberg.de\\\/?s={search_term_string}\"},\"query-input\":{\"@type\":\"PropertyValueSpecification\",\"valueRequired\":true,\"valueName\":\"search_term_string\"}}],\"inLanguage\":\"de\"}]}<\/script>\n<!-- \/ Yoast SEO plugin. -->","yoast_head_json":{"title":"Vereinssatzung - F\u00f6rderverein Waldsportpark Ebersberg e.V.","robots":{"index":"index","follow":"follow","max-snippet":"max-snippet:-1","max-image-preview":"max-image-preview:large","max-video-preview":"max-video-preview:-1"},"canonical":"https:\/\/waldsportpark-ebersberg.de\/index.php\/vereinssatzung\/","og_locale":"de_DE","og_type":"article","og_title":"Vereinssatzung - F\u00f6rderverein Waldsportpark Ebersberg e.V.","og_description":"F\u00f6rderverein Waldsportpark Ebersberg e.V. Ebersberg, 24.10.2018 Satzung des F\u00f6rdervereins Waldsportpark Ebersberg e.V. \u00a7 1) Der F\u00f6rderverein Waldsportpark Ebersberg e.V. mit Sitz in Ebersberg verfolgt ausschlie\u00dflich und unmittelbar gemeinn\u00fctzige Zwecke im Sinne des Abschnitts \u201eSteuerbeg\u00fcnstige Zwecke\u201c der Abgabenordnung. Er ist im Vereinsregister (VR 30066) des Amtsgerichts M\u00fcnchen eingetragen. Der Verein steht unter der Schirmherrschaft des jeweils amtierenden, Ersten B\u00fcrgermeisters der Stadt Ebersberg. Zweck des Vereins ist die F\u00f6rderung des Sports im Umgriff des Waldsportparks Ebersberg. Der Satzungszweck wird verwirklicht insbesondere durch ... Read More","og_url":"https:\/\/waldsportpark-ebersberg.de\/index.php\/vereinssatzung\/","og_site_name":"F\u00f6rderverein Waldsportpark Ebersberg e.V.","article_modified_time":"2018-10-24T13:16:44+00:00","twitter_card":"summary_large_image","twitter_misc":{"Gesch\u00e4tzte Lesezeit":"5\u00a0Minuten"},"schema":{"@context":"https:\/\/schema.org","@graph":[{"@type":"WebPage","@id":"https:\/\/waldsportpark-ebersberg.de\/index.php\/vereinssatzung\/","url":"https:\/\/waldsportpark-ebersberg.de\/index.php\/vereinssatzung\/","name":"Vereinssatzung - F\u00f6rderverein Waldsportpark Ebersberg e.V.","isPartOf":{"@id":"https:\/\/waldsportpark-ebersberg.de\/#website"},"datePublished":"2018-10-24T13:14:31+00:00","dateModified":"2018-10-24T13:16:44+00:00","breadcrumb":{"@id":"https:\/\/waldsportpark-ebersberg.de\/index.php\/vereinssatzung\/#breadcrumb"},"inLanguage":"de","potentialAction":[{"@type":"ReadAction","target":["https:\/\/waldsportpark-ebersberg.de\/index.php\/vereinssatzung\/"]}]},{"@type":"BreadcrumbList","@id":"https:\/\/waldsportpark-ebersberg.de\/index.php\/vereinssatzung\/#breadcrumb","itemListElement":[{"@type":"ListItem","position":1,"name":"Startseite","item":"https:\/\/waldsportpark-ebersberg.de\/"},{"@type":"ListItem","position":2,"name":"Vereinssatzung"}]},{"@type":"WebSite","@id":"https:\/\/waldsportpark-ebersberg.de\/#website","url":"https:\/\/waldsportpark-ebersberg.de\/","name":"F\u00f6rderverein Waldsportpark Ebersberg e.V.","description":"Eine Website des F\u00f6rderverein Waldsportpark Ebersberg e.V.","potentialAction":[{"@type":"SearchAction","target":{"@type":"EntryPoint","urlTemplate":"https:\/\/waldsportpark-ebersberg.de\/?s={search_term_string}"},"query-input":{"@type":"PropertyValueSpecification","valueRequired":true,"valueName":"search_term_string"}}],"inLanguage":"de"}]}},"_links":{"self":[{"href":"https:\/\/waldsportpark-ebersberg.de\/index.php\/wp-json\/wp\/v2\/pages\/523","targetHints":{"allow":["GET"]}}],"collection":[{"href":"https:\/\/waldsportpark-ebersberg.de\/index.php\/wp-json\/wp\/v2\/pages"}],"about":[{"href":"https:\/\/waldsportpark-ebersberg.de\/index.php\/wp-json\/wp\/v2\/types\/page"}],"author":[{"embeddable":true,"href":"https:\/\/waldsportpark-ebersberg.de\/index.php\/wp-json\/wp\/v2\/users\/2"}],"replies":[{"embeddable":true,"href":"https:\/\/waldsportpark-ebersberg.de\/index.php\/wp-json\/wp\/v2\/comments?post=523"}],"version-history":[{"count":9,"href":"https:\/\/waldsportpark-ebersberg.de\/index.php\/wp-json\/wp\/v2\/pages\/523\/revisions"}],"predecessor-version":[{"id":532,"href":"https:\/\/waldsportpark-ebersberg.de\/index.php\/wp-json\/wp\/v2\/pages\/523\/revisions\/532"}],"wp:attachment":[{"href":"https:\/\/waldsportpark-ebersberg.de\/index.php\/wp-json\/wp\/v2\/media?parent=523"}],"curies":[{"name":"wp","href":"https:\/\/api.w.org\/{rel}","templated":true}]}}