{"id":9,"date":"2017-11-30T15:45:22","date_gmt":"2017-11-30T15:45:22","guid":{"rendered":"http:\/\/waldsportpark-ebersberg.de\/?page_id=9"},"modified":"2018-01-05T11:51:51","modified_gmt":"2018-01-05T11:51:51","slug":"sportangebot","status":"publish","type":"page","link":"https:\/\/waldsportpark-ebersberg.de\/index.php\/sportangebot\/","title":{"rendered":"Sportanlagen"},"content":{"rendered":"<div id=\"cs-content\" class=\"cs-content\"><\/div>\n","protected":false},"excerpt":{"rendered":"<p>Sportanlagen im Waldsportpark EbersbergDer Waldsportpark Ebersberg umfasst ein breites Spektrum an Sportarten und den daf\u00fcr ben\u00f6tigten Sportanlagen. \u00dcber welchen Bereich m\u00f6chten Sie gerne mehr erfahren? Mehr \u00fcber das Waldsportstadion erfahrenMehr \u00fcber unsere Hartpl\u00e4tze erfahrenMehr \u00fcber unsere Skilanglauf-Loipen erfahrenMehr \u00fcber den Skilift Ebersberg erfahrenMehr \u00fcber die Stocksch\u00fctzenanlage erfahren<\/p>\n","protected":false},"author":2,"featured_media":0,"parent":0,"menu_order":0,"comment_status":"closed","ping_status":"closed","template":"template-blank-4.php","meta":{"footnotes":""},"class_list":["post-9","page","type-page","status-publish","hentry","no-post-thumbnail"],"yoast_head":"<!-- This site is optimized with the Yoast SEO plugin v27.5 - https:\/\/yoast.com\/product\/yoast-seo-wordpress\/ -->\n<title>Waldsportpark Ebersberg - Sportanlagen<\/title>\n<meta name=\"description\" content=\"Der Waldsportpark Ebersberg umfasst verschiedene Sportanlagen f\u00fcr die unterschiedlichsten Sportarten. Erfahren Sie welche Sportanlagen Sie in unserem Waldsportpark nutzen k\u00f6nnen.\" \/>\n<meta name=\"robots\" content=\"index, follow, max-snippet:-1, max-image-preview:large, max-video-preview:-1\" \/>\n<link rel=\"canonical\" href=\"https:\/\/waldsportpark-ebersberg.de\/index.php\/sportangebot\/\" \/>\n<meta property=\"og:locale\" content=\"de_DE\" \/>\n<meta property=\"og:type\" content=\"article\" \/>\n<meta property=\"og:title\" content=\"Waldsportpark Ebersberg - Sportanlagen\" \/>\n<meta property=\"og:description\" content=\"Der Waldsportpark Ebersberg umfasst verschiedene Sportanlagen f\u00fcr die unterschiedlichsten Sportarten. Erfahren Sie welche Sportanlagen Sie in unserem Waldsportpark nutzen k\u00f6nnen.\" \/>\n<meta property=\"og:url\" content=\"https:\/\/waldsportpark-ebersberg.de\/index.php\/sportangebot\/\" \/>\n<meta property=\"og:site_name\" content=\"F\u00f6rderverein Waldsportpark Ebersberg e.V.\" \/>\n<meta property=\"article:modified_time\" content=\"2018-01-05T11:51:51+00:00\" \/>\n<meta name=\"twitter:card\" content=\"summary_large_image\" \/>\n<meta name=\"twitter:label1\" content=\"Gesch\u00e4tzte Lesezeit\" \/>\n\t<meta name=\"twitter:data1\" content=\"1\u00a0Minute\" \/>\n<script type=\"application\/ld+json\" class=\"yoast-schema-graph\">{\"@context\":\"https:\\\/\\\/schema.org\",\"@graph\":[{\"@type\":\"WebPage\",\"@id\":\"https:\\\/\\\/waldsportpark-ebersberg.de\\\/index.php\\\/sportangebot\\\/\",\"url\":\"https:\\\/\\\/waldsportpark-ebersberg.de\\\/index.php\\\/sportangebot\\\/\",\"name\":\"Waldsportpark Ebersberg - Sportanlagen\",\"isPartOf\":{\"@id\":\"https:\\\/\\\/waldsportpark-ebersberg.de\\\/#website\"},\"datePublished\":\"2017-11-30T15:45:22+00:00\",\"dateModified\":\"2018-01-05T11:51:51+00:00\",\"description\":\"Der Waldsportpark Ebersberg umfasst verschiedene Sportanlagen f\u00fcr die unterschiedlichsten Sportarten. Erfahren Sie welche Sportanlagen Sie in unserem Waldsportpark nutzen k\u00f6nnen.\",\"breadcrumb\":{\"@id\":\"https:\\\/\\\/waldsportpark-ebersberg.de\\\/index.php\\\/sportangebot\\\/#breadcrumb\"},\"inLanguage\":\"de\",\"potentialAction\":[{\"@type\":\"ReadAction\",\"target\":[\"https:\\\/\\\/waldsportpark-ebersberg.de\\\/index.php\\\/sportangebot\\\/\"]}]},{\"@type\":\"BreadcrumbList\",\"@id\":\"https:\\\/\\\/waldsportpark-ebersberg.de\\\/index.php\\\/sportangebot\\\/#breadcrumb\",\"itemListElement\":[{\"@type\":\"ListItem\",\"position\":1,\"name\":\"Startseite\",\"item\":\"https:\\\/\\\/waldsportpark-ebersberg.de\\\/\"},{\"@type\":\"ListItem\",\"position\":2,\"name\":\"Sportanlagen\"}]},{\"@type\":\"WebSite\",\"@id\":\"https:\\\/\\\/waldsportpark-ebersberg.de\\\/#website\",\"url\":\"https:\\\/\\\/waldsportpark-ebersberg.de\\\/\",\"name\":\"F\u00f6rderverein Waldsportpark Ebersberg e.V.\",\"description\":\"Eine Website des F\u00f6rderverein Waldsportpark Ebersberg e.V.\",\"potentialAction\":[{\"@type\":\"SearchAction\",\"target\":{\"@type\":\"EntryPoint\",\"urlTemplate\":\"https:\\\/\\\/waldsportpark-ebersberg.de\\\/?s={search_term_string}\"},\"query-input\":{\"@type\":\"PropertyValueSpecification\",\"valueRequired\":true,\"valueName\":\"search_term_string\"}}],\"inLanguage\":\"de\"}]}<\/script>\n<!-- \/ Yoast SEO plugin. -->","yoast_head_json":{"title":"Waldsportpark Ebersberg - Sportanlagen","description":"Der Waldsportpark Ebersberg umfasst verschiedene Sportanlagen f\u00fcr die unterschiedlichsten Sportarten. Erfahren Sie welche Sportanlagen Sie in unserem Waldsportpark nutzen k\u00f6nnen.","robots":{"index":"index","follow":"follow","max-snippet":"max-snippet:-1","max-image-preview":"max-image-preview:large","max-video-preview":"max-video-preview:-1"},"canonical":"https:\/\/waldsportpark-ebersberg.de\/index.php\/sportangebot\/","og_locale":"de_DE","og_type":"article","og_title":"Waldsportpark Ebersberg - Sportanlagen","og_description":"Der Waldsportpark Ebersberg umfasst verschiedene Sportanlagen f\u00fcr die unterschiedlichsten Sportarten. Erfahren Sie welche Sportanlagen Sie in unserem Waldsportpark nutzen k\u00f6nnen.","og_url":"https:\/\/waldsportpark-ebersberg.de\/index.php\/sportangebot\/","og_site_name":"F\u00f6rderverein Waldsportpark Ebersberg e.V.","article_modified_time":"2018-01-05T11:51:51+00:00","twitter_card":"summary_large_image","twitter_misc":{"Gesch\u00e4tzte Lesezeit":"1\u00a0Minute"},"schema":{"@context":"https:\/\/schema.org","@graph":[{"@type":"WebPage","@id":"https:\/\/waldsportpark-ebersberg.de\/index.php\/sportangebot\/","url":"https:\/\/waldsportpark-ebersberg.de\/index.php\/sportangebot\/","name":"Waldsportpark Ebersberg - Sportanlagen","isPartOf":{"@id":"https:\/\/waldsportpark-ebersberg.de\/#website"},"datePublished":"2017-11-30T15:45:22+00:00","dateModified":"2018-01-05T11:51:51+00:00","description":"Der Waldsportpark Ebersberg umfasst verschiedene Sportanlagen f\u00fcr die unterschiedlichsten Sportarten. Erfahren Sie welche Sportanlagen Sie in unserem Waldsportpark nutzen k\u00f6nnen.","breadcrumb":{"@id":"https:\/\/waldsportpark-ebersberg.de\/index.php\/sportangebot\/#breadcrumb"},"inLanguage":"de","potentialAction":[{"@type":"ReadAction","target":["https:\/\/waldsportpark-ebersberg.de\/index.php\/sportangebot\/"]}]},{"@type":"BreadcrumbList","@id":"https:\/\/waldsportpark-ebersberg.de\/index.php\/sportangebot\/#breadcrumb","itemListElement":[{"@type":"ListItem","position":1,"name":"Startseite","item":"https:\/\/waldsportpark-ebersberg.de\/"},{"@type":"ListItem","position":2,"name":"Sportanlagen"}]},{"@type":"WebSite","@id":"https:\/\/waldsportpark-ebersberg.de\/#website","url":"https:\/\/waldsportpark-ebersberg.de\/","name":"F\u00f6rderverein Waldsportpark Ebersberg e.V.","description":"Eine Website des F\u00f6rderverein Waldsportpark Ebersberg e.V.","potentialAction":[{"@type":"SearchAction","target":{"@type":"EntryPoint","urlTemplate":"https:\/\/waldsportpark-ebersberg.de\/?s={search_term_string}"},"query-input":{"@type":"PropertyValueSpecification","valueRequired":true,"valueName":"search_term_string"}}],"inLanguage":"de"}]}},"_links":{"self":[{"href":"https:\/\/waldsportpark-ebersberg.de\/index.php\/wp-json\/wp\/v2\/pages\/9","targetHints":{"allow":["GET"]}}],"collection":[{"href":"https:\/\/waldsportpark-ebersberg.de\/index.php\/wp-json\/wp\/v2\/pages"}],"about":[{"href":"https:\/\/waldsportpark-ebersberg.de\/index.php\/wp-json\/wp\/v2\/types\/page"}],"author":[{"embeddable":true,"href":"https:\/\/waldsportpark-ebersberg.de\/index.php\/wp-json\/wp\/v2\/users\/2"}],"replies":[{"embeddable":true,"href":"https:\/\/waldsportpark-ebersberg.de\/index.php\/wp-json\/wp\/v2\/comments?post=9"}],"version-history":[{"count":13,"href":"https:\/\/waldsportpark-ebersberg.de\/index.php\/wp-json\/wp\/v2\/pages\/9\/revisions"}],"predecessor-version":[{"id":467,"href":"https:\/\/waldsportpark-ebersberg.de\/index.php\/wp-json\/wp\/v2\/pages\/9\/revisions\/467"}],"wp:attachment":[{"href":"https:\/\/waldsportpark-ebersberg.de\/index.php\/wp-json\/wp\/v2\/media?parent=9"}],"curies":[{"name":"wp","href":"https:\/\/api.w.org\/{rel}","templated":true}]}}